{"id":598,"date":"2015-10-29T19:37:23","date_gmt":"2015-10-29T23:37:23","guid":{"rendered":"https:\/\/intergentes.com\/es\/a-propos-de-nous\/"},"modified":"2018-03-09T21:54:00","modified_gmt":"2018-03-10T02:54:00","slug":"sobre-nosotros","status":"publish","type":"page","link":"https:\/\/intergentes.com\/es\/sobre-nosotros\/","title":{"rendered":"Sobre nosotros"},"content":{"rendered":"<div class=\"wpb-content-wrapper\"><div class=\"nolwrap\">[vc_row][vc_column][mk_divider style=\u00bbpadding_space\u00bb][\/vc_column][\/vc_row][vc_row fullwidth=\u00bbtrue\u00bb padding=\u00bb3&#8243;][vc_column width=\u00bb2\/3&#8243; css=\u00bb.vc_custom_1446324716535{padding-left: 70px !important;}\u00bb][vc_column_text]\n<h2>Inter Gentes es la primera revista de derecho internacional de la facultad de derecho de la universidad de McGill. Los dos objetivos siguientes capturan el ethos (esp\u00edritu) de la revista:<\/h2>\n[\/vc_column_text][mk_divider style=\u00bbthin_solid\u00bb][vc_row_inner][vc_column_inner width=\u00bb1\/6&#8243;][mk_image src=\u00bbhttps:\/\/intergentes.com\/wp-content\/uploads\/2015\/10\/1.png\u00bb crop=\u00bbfalse\u00bb][\/vc_column_inner][vc_column_inner width=\u00bb5\/6&#8243;][vc_column_text]<strong>Recrear el derecho internacional a trav\u00e9s del lente del pluralismo jur\u00eddico.<\/strong><\/p>\n<p>Inter Gentes es la respuesta a una demanda global para reconstruir el derecho internacional de una manera inclusiva, colectiva y cr\u00edtica. Como lo sugiere nuestro nombre, el derecho entre estados se est\u00e1 transformando en un derecho entre pueblos, quienes poseen apreciaciones distintas, complejas y pluralistas de la normatividad. Este sistema internacional, o mejor dicho transnacional, florece gracias a su diversidad, y es sujeto a que sus diferentes actores se relacionen a trav\u00e9s de un dialogo constructivo. Inter Gentes contribuye a este intercambio ya que sirve como una plataforma para la redefinici\u00f3n informada, pluralista y colectiva de el derecho entre los pueblos.[\/vc_column_text][mk_divider style=\u00bbthin_solid\u00bb][\/vc_column_inner][\/vc_row_inner][vc_row_inner][vc_column_inner width=\u00bb1\/6&#8243;][mk_image src=\u00bbhttps:\/\/intergentes.com\/wp-content\/uploads\/2015\/10\/2.png\u00bb crop=\u00bbfalse\u00bb][\/vc_column_inner][vc_column_inner width=\u00bb5\/6&#8243;][vc_column_text]<strong>Creando una revista acad\u00e9mica global del siglo XXI. <\/strong><\/p>\n<p>Inter Gentes tambi\u00e9n responde a la inminente necesidad de innovaci\u00f3n en el \u00e1mbito de las publicaciones acad\u00e9micas. Su avanzada y moderna plataforma web crea un dialogo din\u00e1mico e interactivo entre las publicaciones y sus diferentes autores. De hecho, los art\u00edculos podr\u00edan ser complementados por comentarios, respuestas de acad\u00e9micos disidentes y seguimientos informativos para ampliar su contexto. Por lo tanto, el objetivo de la revista es convertirse en una plataforma de discusi\u00f3n y debate, en vez de ser un simple expositor de trabajos acad\u00e9micos. Con el objetivo y el deseo de contribuir a esta iniciativa \u00fanica, numerosos expertos del derecho internacional se han unido al Consejo Asesor. Profesionales del derecho, acad\u00e9micos(as), estudiantes y el p\u00fablico en general est\u00e1n cordialmente invitados a unirse a la conversaci\u00f3n y a intercambiar ideas, siguiendo el esp\u00edritu y raz\u00f3n de ser de nuestra publicaci\u00f3n.[\/vc_column_text][\/vc_column_inner][\/vc_row_inner][\/vc_column][vc_column width=\u00bb1\/3&#8243; css=\u00bb.vc_custom_1446325292844{margin-right: 0px !important;border-right-width: 0px !important;padding-top: 0px !important;padding-right: 0px !important;}\u00bb][mk_image src=\u00bbhttps:\/\/intergentes.com\/wp-content\/uploads\/2015\/10\/side-graphic.png\u00bb align=\u00bbright\u00bb crop=\u00bbfalse\u00bb][\/vc_column][\/vc_row]\n<\/div><\/div>","protected":false},"excerpt":{"rendered":"<p>[vc_row][vc_column][mk_divider style=\u00bbpadding_space\u00bb][\/vc_column][\/vc_row][vc_row fullwidth=\u00bbtrue\u00bb padding=\u00bb3&#8243;][vc_column width=\u00bb2\/3&#8243; css=\u00bb.vc_custom_1446324716535{padding-left: 70px !important;}\u00bb][vc_column_text] Inter Gentes es la primera revista de derecho internacional de la facultad de derecho de la universidad de McGill. Los dos objetivos siguientes capturan el ethos (esp\u00edritu) de la revista: [\/vc_column_text][mk_divider style=\u00bbthin_solid\u00bb][vc_row_inner][vc_column_inner width=\u00bb1\/6&#8243;][mk_image src=\u00bbhttps:\/\/intergentes.com\/wp-content\/uploads\/2015\/10\/1.png\u00bb crop=\u00bbfalse\u00bb][\/vc_column_inner][vc_column_inner width=\u00bb5\/6&#8243;][vc_column_text]Recrear el derecho internacional a trav\u00e9s del lente del pluralismo jur\u00eddico. Inter [&hellip;]<\/p>\n","protected":false},"author":1,"featured_media":0,"parent":0,"menu_order":0,"comment_status":"closed","ping_status":"closed","template":"","meta":{"footnotes":""},"class_list":["post-598","page","type-page","status-publish","hentry"],"yoast_head":"<!-- This site is optimized with the Yoast SEO plugin v27.5 - https:\/\/yoast.com\/product\/yoast-seo-wordpress\/ -->\n<title>Sobre nosotros - Inter Gentes<\/title>\n<meta name=\"robots\" content=\"index, follow, max-snippet:-1, max-image-preview:large, max-video-preview:-1\" \/>\n<link rel=\"canonical\" href=\"https:\/\/intergentes.com\/es\/sobre-nosotros\/\" \/>\n<meta property=\"og:locale\" content=\"es_ES\" \/>\n<meta property=\"og:type\" content=\"article\" \/>\n<meta property=\"og:title\" content=\"Sobre nosotros - Inter Gentes\" \/>\n<meta property=\"og:description\" content=\"[vc_row][vc_column][mk_divider style=\u00bbpadding_space\u00bb][\/vc_column][\/vc_row][vc_row fullwidth=\u00bbtrue\u00bb padding=\u00bb3&#8243;][vc_column width=\u00bb2\/3&#8243; css=\u00bb.vc_custom_1446324716535{padding-left: 70px !important;}\u00bb][vc_column_text] Inter Gentes es la primera revista de derecho internacional de la facultad de derecho de la universidad de McGill. Los dos objetivos siguientes capturan el ethos (esp\u00edritu) de la revista: [\/vc_column_text][mk_divider style=\u00bbthin_solid\u00bb][vc_row_inner][vc_column_inner width=\u00bb1\/6&#8243;][mk_image src=\u00bbhttps:\/\/intergentes.com\/wp-content\/uploads\/2015\/10\/1.png\u00bb crop=\u00bbfalse\u00bb][\/vc_column_inner][vc_column_inner width=\u00bb5\/6&#8243;][vc_column_text]Recrear el derecho internacional a trav\u00e9s del lente del pluralismo jur\u00eddico. Inter [&hellip;]\" \/>\n<meta property=\"og:url\" content=\"https:\/\/intergentes.com\/es\/sobre-nosotros\/\" \/>\n<meta property=\"og:site_name\" content=\"Inter Gentes\" \/>\n<meta property=\"article:modified_time\" content=\"2018-03-10T02:54:00+00:00\" \/>\n<meta name=\"twitter:card\" content=\"summary_large_image\" \/>\n<meta name=\"twitter:label1\" content=\"Tiempo de lectura\" \/>\n\t<meta name=\"twitter:data1\" content=\"2 minutos\" \/>\n<script type=\"application\/ld+json\" class=\"yoast-schema-graph\">{\"@context\":\"https:\\\/\\\/schema.org\",\"@graph\":[{\"@type\":\"WebPage\",\"@id\":\"https:\\\/\\\/intergentes.com\\\/es\\\/sobre-nosotros\\\/\",\"url\":\"https:\\\/\\\/intergentes.com\\\/es\\\/sobre-nosotros\\\/\",\"name\":\"Sobre nosotros - Inter Gentes\",\"isPartOf\":{\"@id\":\"https:\\\/\\\/intergentes.com\\\/#website\"},\"datePublished\":\"2015-10-29T23:37:23+00:00\",\"dateModified\":\"2018-03-10T02:54:00+00:00\",\"breadcrumb\":{\"@id\":\"https:\\\/\\\/intergentes.com\\\/es\\\/sobre-nosotros\\\/#breadcrumb\"},\"inLanguage\":\"es\",\"potentialAction\":[{\"@type\":\"ReadAction\",\"target\":[\"https:\\\/\\\/intergentes.com\\\/es\\\/sobre-nosotros\\\/\"]}]},{\"@type\":\"BreadcrumbList\",\"@id\":\"https:\\\/\\\/intergentes.com\\\/es\\\/sobre-nosotros\\\/#breadcrumb\",\"itemListElement\":[{\"@type\":\"ListItem\",\"position\":1,\"name\":\"Home\",\"item\":\"https:\\\/\\\/intergentes.com\\\/es\\\/\"},{\"@type\":\"ListItem\",\"position\":2,\"name\":\"Sobre nosotros\"}]},{\"@type\":\"WebSite\",\"@id\":\"https:\\\/\\\/intergentes.com\\\/#website\",\"url\":\"https:\\\/\\\/intergentes.com\\\/\",\"name\":\"Inter Gentes\",\"description\":\"The McGill Journal of International Law &amp; Legal Pluralism\",\"potentialAction\":[{\"@type\":\"SearchAction\",\"target\":{\"@type\":\"EntryPoint\",\"urlTemplate\":\"https:\\\/\\\/intergentes.com\\\/?s={search_term_string}\"},\"query-input\":{\"@type\":\"PropertyValueSpecification\",\"valueRequired\":true,\"valueName\":\"search_term_string\"}}],\"inLanguage\":\"es\"}]}<\/script>\n<!-- \/ Yoast SEO plugin. -->","yoast_head_json":{"title":"Sobre nosotros - Inter Gentes","robots":{"index":"index","follow":"follow","max-snippet":"max-snippet:-1","max-image-preview":"max-image-preview:large","max-video-preview":"max-video-preview:-1"},"canonical":"https:\/\/intergentes.com\/es\/sobre-nosotros\/","og_locale":"es_ES","og_type":"article","og_title":"Sobre nosotros - Inter Gentes","og_description":"[vc_row][vc_column][mk_divider style=\u00bbpadding_space\u00bb][\/vc_column][\/vc_row][vc_row fullwidth=\u00bbtrue\u00bb padding=\u00bb3&#8243;][vc_column width=\u00bb2\/3&#8243; css=\u00bb.vc_custom_1446324716535{padding-left: 70px !important;}\u00bb][vc_column_text] Inter Gentes es la primera revista de derecho internacional de la facultad de derecho de la universidad de McGill. Los dos objetivos siguientes capturan el ethos (esp\u00edritu) de la revista: [\/vc_column_text][mk_divider style=\u00bbthin_solid\u00bb][vc_row_inner][vc_column_inner width=\u00bb1\/6&#8243;][mk_image src=\u00bbhttps:\/\/intergentes.com\/wp-content\/uploads\/2015\/10\/1.png\u00bb crop=\u00bbfalse\u00bb][\/vc_column_inner][vc_column_inner width=\u00bb5\/6&#8243;][vc_column_text]Recrear el derecho internacional a trav\u00e9s del lente del pluralismo jur\u00eddico. Inter [&hellip;]","og_url":"https:\/\/intergentes.com\/es\/sobre-nosotros\/","og_site_name":"Inter Gentes","article_modified_time":"2018-03-10T02:54:00+00:00","twitter_card":"summary_large_image","twitter_misc":{"Tiempo de lectura":"2 minutos"},"schema":{"@context":"https:\/\/schema.org","@graph":[{"@type":"WebPage","@id":"https:\/\/intergentes.com\/es\/sobre-nosotros\/","url":"https:\/\/intergentes.com\/es\/sobre-nosotros\/","name":"Sobre nosotros - Inter Gentes","isPartOf":{"@id":"https:\/\/intergentes.com\/#website"},"datePublished":"2015-10-29T23:37:23+00:00","dateModified":"2018-03-10T02:54:00+00:00","breadcrumb":{"@id":"https:\/\/intergentes.com\/es\/sobre-nosotros\/#breadcrumb"},"inLanguage":"es","potentialAction":[{"@type":"ReadAction","target":["https:\/\/intergentes.com\/es\/sobre-nosotros\/"]}]},{"@type":"BreadcrumbList","@id":"https:\/\/intergentes.com\/es\/sobre-nosotros\/#breadcrumb","itemListElement":[{"@type":"ListItem","position":1,"name":"Home","item":"https:\/\/intergentes.com\/es\/"},{"@type":"ListItem","position":2,"name":"Sobre nosotros"}]},{"@type":"WebSite","@id":"https:\/\/intergentes.com\/#website","url":"https:\/\/intergentes.com\/","name":"Inter Gentes","description":"The McGill Journal of International Law &amp; Legal Pluralism","potentialAction":[{"@type":"SearchAction","target":{"@type":"EntryPoint","urlTemplate":"https:\/\/intergentes.com\/?s={search_term_string}"},"query-input":{"@type":"PropertyValueSpecification","valueRequired":true,"valueName":"search_term_string"}}],"inLanguage":"es"}]}},"_links":{"self":[{"href":"https:\/\/intergentes.com\/es\/wp-json\/wp\/v2\/pages\/598","targetHints":{"allow":["GET"]}}],"collection":[{"href":"https:\/\/intergentes.com\/es\/wp-json\/wp\/v2\/pages"}],"about":[{"href":"https:\/\/intergentes.com\/es\/wp-json\/wp\/v2\/types\/page"}],"author":[{"embeddable":true,"href":"https:\/\/intergentes.com\/es\/wp-json\/wp\/v2\/users\/1"}],"replies":[{"embeddable":true,"href":"https:\/\/intergentes.com\/es\/wp-json\/wp\/v2\/comments?post=598"}],"version-history":[{"count":0,"href":"https:\/\/intergentes.com\/es\/wp-json\/wp\/v2\/pages\/598\/revisions"}],"wp:attachment":[{"href":"https:\/\/intergentes.com\/es\/wp-json\/wp\/v2\/media?parent=598"}],"curies":[{"name":"wp","href":"https:\/\/api.w.org\/{rel}","templated":true}]}}