{"id":2511,"date":"2017-11-24T01:02:43","date_gmt":"2017-11-24T06:02:43","guid":{"rendered":"https:\/\/intergentes.com\/fr\/?page_id=2511"},"modified":"2018-03-09T14:22:30","modified_gmt":"2018-03-09T19:22:30","slug":"evenements","status":"publish","type":"page","link":"https:\/\/intergentes.com\/fr\/evenements\/","title":{"rendered":"\u00c9v\u00e8nements"},"content":{"rendered":"<div class=\"wpb-content-wrapper\"><div class=\"nolwrap\">[vc_row][vc_column][vc_tabs container_bg_color=\u00a0\u00bb#ffffff\u00a0\u00bb][vc_tab title=\u00a0\u00bb\u00c9v\u00e8nements \u00e0 venir\u00a0\u00bb tab_id=\u00a0\u00bb1430194516-1-87&Prime;][vc_column_text]\n<h3><strong><img loading=\"lazy\" decoding=\"async\" class=\"alignnone size-full wp-image-2681\" src=\"https:\/\/intergentes.com\/wp-content\/uploads\/2017\/11\/537bf478ae6a5cb9a7e6cce43df5be88.jpg\" alt=\"\" width=\"265\" height=\"398\" srcset=\"https:\/\/intergentes.com\/wp-content\/uploads\/2017\/11\/537bf478ae6a5cb9a7e6cce43df5be88.jpg 265w, https:\/\/intergentes.com\/wp-content\/uploads\/2017\/11\/537bf478ae6a5cb9a7e6cce43df5be88-200x300.jpg 200w, https:\/\/intergentes.com\/wp-content\/uploads\/2017\/11\/537bf478ae6a5cb9a7e6cce43df5be88-600x901.jpg 600w\" sizes=\"auto, (max-width: 265px) 100vw, 265px\" \/><\/strong><\/h3>\n<h3>Projection sp\u00e9ciale du documentaire Gulistan, terre de roses<\/h3>\n<h5>Quand : le mardi 13 mars 2018 \u00e0 17 h 30<br \/>\nO\u00f9 : Facult\u00e9 de droit de l&rsquo;Universit\u00e9 McGill, Salle 312 (New Chancellor Day Hall, 3644 rue Peel, Montr\u00e9al)<\/h5>\n<p>Dans le cadre des c\u00e9l\u00e9brations associ\u00e9es \u00e0 la Journ\u00e9e internationale de la femme (8 mars) \u00e0 McGill, Inter Gentes est fi\u00e8re de pr\u00e9senter la diffusion gratuite, et ouverte \u00e0 tous, du documentaire Gulistan, terre de roses. La projection sera suivie d&rsquo;une discussion avec le r\u00e9alisateur du film, Zayn\u00ea Akyol.<\/p>\n<p>Ce documentaire nous transporte dans les montagnes et les d\u00e9serts du Kurdistan, o\u00f9 des gu\u00e9rillas f\u00e9minines arm\u00e9es du Parti des travailleurs du Kurdistan (PKK) d\u00e9fendent le territoire kurde contre l&rsquo;EI. Ces femmes partagent avec le cin\u00e9aste Zayn\u00ea Akyol leurs pens\u00e9es et exp\u00e9riences les plus intimes. Les spectateurs sont donc immerg\u00e9s de fa\u00e7on tr\u00e8s personnelle dans l&rsquo;univers de ces femmes. En offrant un aper\u00e7u de ce monde largement inconnu, le film r\u00e9v\u00e8le le visage f\u00e9ministe cach\u00e9 d&rsquo;un groupe r\u00e9volutionnaire uni par une vision commune de la libert\u00e9. (NFB.ca)<\/p>\n<p>Projection du film en kurde avec sous-titres anglais et fran\u00e7ais. Discussion en fran\u00e7ais + anglais.<\/p>\n<p>**Des rafra\u00eechissements seront fournis**<\/p>\n<p>Information sur l&rsquo;accessibilit\u00e9 des lieux :<br \/>\nLa salle 312 se trouve au troisi\u00e8me \u00e9tage du New Chancellor Day Hall, et est accessible en ascenseur. L&rsquo;entr\u00e9e de la rue Peel poss\u00e8de une rampe et m\u00e8ne \u00e0 la biblioth\u00e8que de droit Nahum Gelber. L&rsquo;entr\u00e9e du stationnement McIntyre est \u00e9galement accessible et les niveaux de stationnement 3 et 7 ont des places de stationnement accessibles. Le niveau 7 est reli\u00e9 \u00e0 la biblioth\u00e8que de droit Nahum Gelber. Pour plus d&rsquo;informations sur les places de stationnement accessibles sur le campus, voir le lien ci-dessous :<br \/>\n<a href=\"https:\/\/www.mcgill.ca\/transport\/parking\/downtown\/disabilities\" target=\"_blank\" rel=\"nofollow noopener\" data-lynx-mode=\"origin\" data-lynx-uri=\"https:\/\/l.facebook.com\/l.php?u=https%3A%2F%2Fwww.mcgill.ca%2Ftransport%2Fparking%2Fdowntown%2Fdisabilities&amp;h=ATOXoIYfRezbOtQ1lNc-Id1ECLJoLtUxKRaXd5W0rZK4r44TEZtPedf3-znheK1skwu7EWU59ojWoLiXKyCvwaFP73K96fo9gcTui3jkrAul\">https:\/\/www.mcgill.ca\/<wbr \/>transport\/parking\/downtown\/<wbr \/>disabilities<\/a>[\/vc_column_text][mk_divider style=\u00a0\u00bbthin_solid\u00a0\u00bb][vc_column_text][\/vc_column_text][\/vc_tab][vc_tab title=\u00a0\u00bb\u00c9v\u00e9nements pass\u00e9s\u00a0\u00bb tab_id=\u00a0\u00bb1510717535604-1-8&Prime;][vc_column_text]\n<h3><strong><img loading=\"lazy\" decoding=\"async\" class=\"alignnone size-large wp-image-2389\" src=\"https:\/\/intergentes.com\/wp-content\/uploads\/2017\/11\/screen-shot-2017-11-14-at-10.25.49-pm-722x1024.png\" alt=\"\" width=\"722\" height=\"1024\" srcset=\"https:\/\/intergentes.com\/wp-content\/uploads\/2017\/11\/screen-shot-2017-11-14-at-10.25.49-pm-722x1024.png 722w, https:\/\/intergentes.com\/wp-content\/uploads\/2017\/11\/screen-shot-2017-11-14-at-10.25.49-pm-212x300.png 212w, https:\/\/intergentes.com\/wp-content\/uploads\/2017\/11\/screen-shot-2017-11-14-at-10.25.49-pm-768x1089.png 768w, https:\/\/intergentes.com\/wp-content\/uploads\/2017\/11\/screen-shot-2017-11-14-at-10.25.49-pm-600x850.png 600w, https:\/\/intergentes.com\/wp-content\/uploads\/2017\/11\/screen-shot-2017-11-14-at-10.25.49-pm.png 962w\" sizes=\"auto, (max-width: 722px) 100vw, 722px\" \/><\/strong><\/h3>\n<h3><strong>When Cultural Property Becomes a Tool of Warfare: An Open Conversation with Helga Turku<br \/>\n<\/strong><\/h3>\n<h5>Une conversation ouverte avec Helge Turku<br \/>\nAnim\u00e9 par le Prof. Alain-Guy Sipowo<\/h5>\n<h5>New Chancellor Day Hall, Room 101<\/h5>\n<h5>Lundi le 14 november, 2017 13h \u00e0 14h30<\/h5>\n<p>Inter Gentes vous invite \u00e0 une pr\u00e9sentation et discussion interactive avec Helga Turku. Elle pr\u00e9sentera ses recherches sur la destruction culturelle et le pillage par ISIS. Elle expliquera pourquoi la protection des biens culturels est un \u00e9l\u00e9ment essentiel pour assurer la s\u00e9curit\u00e9 \u00e0 long terme au Moyen-Orient. Les questions et r\u00e9ponses qui suivront la discussion seront anim\u00e9es et g\u00e9r\u00e9es par le professeur Alain-Guy Sipowo. Elles comprendront des sondages en direct auxquels pourra r\u00e9pondre le public. Il y aura \u00e9galement des mises \u00e0 jour en direct sur Twitter et Facebook (sous-titres inclus)!<\/p>\n<p>* Veuillez noter que cet \u00e9v\u00e8nement sera enregistr\u00e9 et sera publi\u00e9 sur les plateformes Web et m\u00e9dias sociaux d\u2019Inter Gentes. Des collations et rafra\u00eechissements seront fournis par <a href=\"https:\/\/www.facebook.com\/KweKweGourmet\/\" data-hovercard=\"\/ajax\/hovercard\/page.php?id=316456605152744&amp;extragetparams=%7B%22directed_target_id%22%3A378490175920241%7D\" data-hovercard-prefer-more-content-show=\"1\">Kwe Kwe Gourmet<\/a>. Veuillez s\u2019il vous plait nous contacter si vous avez des questions li\u00e9es \u00e0 l\u2019accessibilit\u00e9.<\/p>\n<p>N\u2019h\u00e9sitez pas \u00e0 <a href=\"https:\/\/intergentes.com\/cultural-property-becomes-tool-warfare-law-politics-international-security\/\">consulter l\u2019article de Helga Turku<\/a>. Vous pouvez nous contacter par courriel \u00e0 intergentes@mcgill.ca pour toute question.<\/p>\n<p>&nbsp;<\/p>\n<h3><strong>Law &amp; Activism: Strategies for the Protection of Indigenous Cultural Property<\/strong><\/h3>\n<h5>Yale University, New Haven, Connecticut<\/h5>\n<h5>Saturday, February 18, 2017 1:30-3:00 PM<\/h5>\n<p>&nbsp;<\/p>\n<p><em>I<em>nter<\/em> Gentes<\/em> will be hosting a panel at the <a href=\"http:\/\/reblaw.yale.edu\" target=\"_blank\" rel=\"noopener\">2017 Rebellious Lawyering Conference<\/a> at Yale University\u00a0in New Haven, Connecticut. This panel will feature a dialogue among activists and academics on the respect, protection, preservation and repatriation of indigenous cultural property, including sacred or grave sites, artifacts, and other cultural items or lands. This discussion will explore the various legal strategies employed by indigenous communities and their allies in Canada and the United States to assert rights over such property, from national- and regional-level tools to international obligations featured in multilateral treaties and UN declarations.<\/p>\n<p>Panellists include <a href=\"http:\/\/kesserwanarteau.voog.com\/our-team\/jean-francois-arteau\" target=\"_blank\" rel=\"noopener\">Jean Fran\u00e7ois Arteau (Kesserwan Arteau)<\/a>, <a href=\"https:\/\/www.ualberta.ca\/law\/about\/contact\/profiles\/catherine-bell\" target=\"_blank\" rel=\"noopener\">Catherine Bell (University of Alberta)<\/a>, <a href=\"https:\/\/www.indian-affairs.org\/who-we-are.html\" target=\"_blank\" rel=\"noopener\">Honor Keeler (Association on American Indian Affairs)<\/a>, and <a href=\"http:\/\/www.iitc.org\/about-iitc\/staff\/\" target=\"_blank\" rel=\"noopener\">Danika Littlechild (International Indian Treaty Council).<\/a> The discussion will be moderated by <a href=\"http:\/\/pampalmater.com\" target=\"_blank\" rel=\"noopener\">Pamela Palmater (Ryerson University)<\/a>.<\/p>\n<p>For full details on this panel and others at the 2017 Rebellious Lawyering Conference, the program can be found here:\u00a0<a href=\"http:\/\/reblaw.yale.edu\/program\" target=\"_blank\" rel=\"noopener\">http:\/\/reblaw.yale.edu\/program<\/a>.[\/vc_column_text][mk_divider style=\u00a0\u00bbthin_solid\u00a0\u00bb][vc_column_text][\/vc_column_text][\/vc_tab][\/vc_tabs][\/vc_column][\/vc_row][vc_row][vc_column][\/vc_column][\/vc_row]\n<\/div><\/div>","protected":false},"excerpt":{"rendered":"<p>[vc_row][vc_column][vc_tabs container_bg_color=\u00a0\u00bb#ffffff\u00a0\u00bb][vc_tab title=\u00a0\u00bb\u00c9v\u00e8nements \u00e0 venir\u00a0\u00bb tab_id=\u00a0\u00bb1430194516-1-87&Prime;][vc_column_text] Projection sp\u00e9ciale du documentaire Gulistan, terre de roses Quand : le mardi 13 mars 2018 \u00e0 17 h 30 O\u00f9 : Facult\u00e9 de droit de l&rsquo;Universit\u00e9 McGill, Salle 312 (New Chancellor Day Hall, 3644 rue Peel, Montr\u00e9al) Dans le cadre des c\u00e9l\u00e9brations associ\u00e9es \u00e0 la Journ\u00e9e internationale de la [&hellip;]<\/p>\n","protected":false},"author":3,"featured_media":0,"parent":0,"menu_order":0,"comment_status":"open","ping_status":"open","template":"","meta":{"footnotes":""},"class_list":["post-2511","page","type-page","status-publish","hentry"],"yoast_head":"<!-- This site is optimized with the Yoast SEO plugin v27.4 - https:\/\/yoast.com\/product\/yoast-seo-wordpress\/ -->\n<title>\u00c9v\u00e8nements - Inter Gentes<\/title>\n<meta name=\"robots\" content=\"index, follow, max-snippet:-1, max-image-preview:large, max-video-preview:-1\" \/>\n<link rel=\"canonical\" href=\"https:\/\/intergentes.com\/fr\/evenements\/\" \/>\n<meta property=\"og:locale\" content=\"fr_FR\" \/>\n<meta property=\"og:type\" content=\"article\" \/>\n<meta property=\"og:title\" content=\"\u00c9v\u00e8nements - Inter Gentes\" \/>\n<meta property=\"og:description\" content=\"[vc_row][vc_column][vc_tabs container_bg_color=\u00a0\u00bb#ffffff\u00a0\u00bb][vc_tab title=\u00a0\u00bb\u00c9v\u00e8nements \u00e0 venir\u00a0\u00bb tab_id=\u00a0\u00bb1430194516-1-87&Prime;][vc_column_text] Projection sp\u00e9ciale du documentaire Gulistan, terre de roses Quand : le mardi 13 mars 2018 \u00e0 17 h 30 O\u00f9 : Facult\u00e9 de droit de l&rsquo;Universit\u00e9 McGill, Salle 312 (New Chancellor Day Hall, 3644 rue Peel, Montr\u00e9al) Dans le cadre des c\u00e9l\u00e9brations associ\u00e9es \u00e0 la Journ\u00e9e internationale de la [&hellip;]\" \/>\n<meta property=\"og:url\" content=\"https:\/\/intergentes.com\/fr\/evenements\/\" \/>\n<meta property=\"og:site_name\" content=\"Inter Gentes\" \/>\n<meta property=\"article:modified_time\" content=\"2018-03-09T19:22:30+00:00\" \/>\n<meta property=\"og:image\" content=\"https:\/\/intergentes.com\/wp-content\/uploads\/2017\/11\/537bf478ae6a5cb9a7e6cce43df5be88.jpg\" \/>\n<meta name=\"twitter:card\" content=\"summary_large_image\" \/>\n<meta name=\"twitter:label1\" content=\"Dur\u00e9e de lecture estim\u00e9e\" \/>\n\t<meta name=\"twitter:data1\" content=\"4 minutes\" \/>\n<script type=\"application\/ld+json\" class=\"yoast-schema-graph\">{\"@context\":\"https:\\\/\\\/schema.org\",\"@graph\":[{\"@type\":\"WebPage\",\"@id\":\"https:\\\/\\\/intergentes.com\\\/fr\\\/evenements\\\/\",\"url\":\"https:\\\/\\\/intergentes.com\\\/fr\\\/evenements\\\/\",\"name\":\"\u00c9v\u00e8nements - Inter Gentes\",\"isPartOf\":{\"@id\":\"https:\\\/\\\/intergentes.com\\\/#website\"},\"primaryImageOfPage\":{\"@id\":\"https:\\\/\\\/intergentes.com\\\/fr\\\/evenements\\\/#primaryimage\"},\"image\":{\"@id\":\"https:\\\/\\\/intergentes.com\\\/fr\\\/evenements\\\/#primaryimage\"},\"thumbnailUrl\":\"https:\\\/\\\/intergentes.com\\\/wp-content\\\/uploads\\\/2017\\\/11\\\/537bf478ae6a5cb9a7e6cce43df5be88.jpg\",\"datePublished\":\"2017-11-24T06:02:43+00:00\",\"dateModified\":\"2018-03-09T19:22:30+00:00\",\"breadcrumb\":{\"@id\":\"https:\\\/\\\/intergentes.com\\\/fr\\\/evenements\\\/#breadcrumb\"},\"inLanguage\":\"fr-FR\",\"potentialAction\":[{\"@type\":\"ReadAction\",\"target\":[\"https:\\\/\\\/intergentes.com\\\/fr\\\/evenements\\\/\"]}]},{\"@type\":\"ImageObject\",\"inLanguage\":\"fr-FR\",\"@id\":\"https:\\\/\\\/intergentes.com\\\/fr\\\/evenements\\\/#primaryimage\",\"url\":\"https:\\\/\\\/intergentes.com\\\/wp-content\\\/uploads\\\/2017\\\/11\\\/537bf478ae6a5cb9a7e6cce43df5be88.jpg\",\"contentUrl\":\"https:\\\/\\\/intergentes.com\\\/wp-content\\\/uploads\\\/2017\\\/11\\\/537bf478ae6a5cb9a7e6cce43df5be88.jpg\"},{\"@type\":\"BreadcrumbList\",\"@id\":\"https:\\\/\\\/intergentes.com\\\/fr\\\/evenements\\\/#breadcrumb\",\"itemListElement\":[{\"@type\":\"ListItem\",\"position\":1,\"name\":\"Home\",\"item\":\"https:\\\/\\\/intergentes.com\\\/fr\\\/\"},{\"@type\":\"ListItem\",\"position\":2,\"name\":\"\u00c9v\u00e8nements\"}]},{\"@type\":\"WebSite\",\"@id\":\"https:\\\/\\\/intergentes.com\\\/#website\",\"url\":\"https:\\\/\\\/intergentes.com\\\/\",\"name\":\"Inter Gentes\",\"description\":\"The McGill Journal of International Law &amp; Legal Pluralism\",\"potentialAction\":[{\"@type\":\"SearchAction\",\"target\":{\"@type\":\"EntryPoint\",\"urlTemplate\":\"https:\\\/\\\/intergentes.com\\\/?s={search_term_string}\"},\"query-input\":{\"@type\":\"PropertyValueSpecification\",\"valueRequired\":true,\"valueName\":\"search_term_string\"}}],\"inLanguage\":\"fr-FR\"}]}<\/script>\n<!-- \/ Yoast SEO plugin. -->","yoast_head_json":{"title":"\u00c9v\u00e8nements - Inter Gentes","robots":{"index":"index","follow":"follow","max-snippet":"max-snippet:-1","max-image-preview":"max-image-preview:large","max-video-preview":"max-video-preview:-1"},"canonical":"https:\/\/intergentes.com\/fr\/evenements\/","og_locale":"fr_FR","og_type":"article","og_title":"\u00c9v\u00e8nements - Inter Gentes","og_description":"[vc_row][vc_column][vc_tabs container_bg_color=\u00a0\u00bb#ffffff\u00a0\u00bb][vc_tab title=\u00a0\u00bb\u00c9v\u00e8nements \u00e0 venir\u00a0\u00bb tab_id=\u00a0\u00bb1430194516-1-87&Prime;][vc_column_text] Projection sp\u00e9ciale du documentaire Gulistan, terre de roses Quand : le mardi 13 mars 2018 \u00e0 17 h 30 O\u00f9 : Facult\u00e9 de droit de l&rsquo;Universit\u00e9 McGill, Salle 312 (New Chancellor Day Hall, 3644 rue Peel, Montr\u00e9al) Dans le cadre des c\u00e9l\u00e9brations associ\u00e9es \u00e0 la Journ\u00e9e internationale de la [&hellip;]","og_url":"https:\/\/intergentes.com\/fr\/evenements\/","og_site_name":"Inter Gentes","article_modified_time":"2018-03-09T19:22:30+00:00","og_image":[{"url":"https:\/\/intergentes.com\/wp-content\/uploads\/2017\/11\/537bf478ae6a5cb9a7e6cce43df5be88.jpg","type":"","width":"","height":""}],"twitter_card":"summary_large_image","twitter_misc":{"Dur\u00e9e de lecture estim\u00e9e":"4 minutes"},"schema":{"@context":"https:\/\/schema.org","@graph":[{"@type":"WebPage","@id":"https:\/\/intergentes.com\/fr\/evenements\/","url":"https:\/\/intergentes.com\/fr\/evenements\/","name":"\u00c9v\u00e8nements - Inter Gentes","isPartOf":{"@id":"https:\/\/intergentes.com\/#website"},"primaryImageOfPage":{"@id":"https:\/\/intergentes.com\/fr\/evenements\/#primaryimage"},"image":{"@id":"https:\/\/intergentes.com\/fr\/evenements\/#primaryimage"},"thumbnailUrl":"https:\/\/intergentes.com\/wp-content\/uploads\/2017\/11\/537bf478ae6a5cb9a7e6cce43df5be88.jpg","datePublished":"2017-11-24T06:02:43+00:00","dateModified":"2018-03-09T19:22:30+00:00","breadcrumb":{"@id":"https:\/\/intergentes.com\/fr\/evenements\/#breadcrumb"},"inLanguage":"fr-FR","potentialAction":[{"@type":"ReadAction","target":["https:\/\/intergentes.com\/fr\/evenements\/"]}]},{"@type":"ImageObject","inLanguage":"fr-FR","@id":"https:\/\/intergentes.com\/fr\/evenements\/#primaryimage","url":"https:\/\/intergentes.com\/wp-content\/uploads\/2017\/11\/537bf478ae6a5cb9a7e6cce43df5be88.jpg","contentUrl":"https:\/\/intergentes.com\/wp-content\/uploads\/2017\/11\/537bf478ae6a5cb9a7e6cce43df5be88.jpg"},{"@type":"BreadcrumbList","@id":"https:\/\/intergentes.com\/fr\/evenements\/#breadcrumb","itemListElement":[{"@type":"ListItem","position":1,"name":"Home","item":"https:\/\/intergentes.com\/fr\/"},{"@type":"ListItem","position":2,"name":"\u00c9v\u00e8nements"}]},{"@type":"WebSite","@id":"https:\/\/intergentes.com\/#website","url":"https:\/\/intergentes.com\/","name":"Inter Gentes","description":"The McGill Journal of International Law &amp; Legal Pluralism","potentialAction":[{"@type":"SearchAction","target":{"@type":"EntryPoint","urlTemplate":"https:\/\/intergentes.com\/?s={search_term_string}"},"query-input":{"@type":"PropertyValueSpecification","valueRequired":true,"valueName":"search_term_string"}}],"inLanguage":"fr-FR"}]}},"_links":{"self":[{"href":"https:\/\/intergentes.com\/fr\/wp-json\/wp\/v2\/pages\/2511","targetHints":{"allow":["GET"]}}],"collection":[{"href":"https:\/\/intergentes.com\/fr\/wp-json\/wp\/v2\/pages"}],"about":[{"href":"https:\/\/intergentes.com\/fr\/wp-json\/wp\/v2\/types\/page"}],"author":[{"embeddable":true,"href":"https:\/\/intergentes.com\/fr\/wp-json\/wp\/v2\/users\/3"}],"replies":[{"embeddable":true,"href":"https:\/\/intergentes.com\/fr\/wp-json\/wp\/v2\/comments?post=2511"}],"version-history":[{"count":0,"href":"https:\/\/intergentes.com\/fr\/wp-json\/wp\/v2\/pages\/2511\/revisions"}],"wp:attachment":[{"href":"https:\/\/intergentes.com\/fr\/wp-json\/wp\/v2\/media?parent=2511"}],"curies":[{"name":"wp","href":"https:\/\/api.w.org\/{rel}","templated":true}]}}