{"id":2616,"date":"2018-02-03T14:47:27","date_gmt":"2018-02-03T19:47:27","guid":{"rendered":"https:\/\/intergentes.com\/fr\/comment-policy\/"},"modified":"2018-02-03T14:47:27","modified_gmt":"2018-02-03T19:47:27","slug":"comment-policy","status":"publish","type":"page","link":"https:\/\/intergentes.com\/fr\/comment-policy\/","title":{"rendered":"Comment Policy"},"content":{"rendered":"<div class=\"nolwrap\"><p><strong>Commenting Policy:<\/strong><br \/>\nWe welcome a respectful open dialogue. Spam will be removed, as will any hateful, derogatory, defamatory, profane, or offensive content. Our editors also reserve the right to edit or delete any posts. Thank you for your understanding. If you have any questions on the policy, please let us know at intergentes@mcgill.ca. This policy is subject to change without notice.<\/p>\n<p><strong>Pol\u00edtica de Comentarios:<\/strong><br \/>\nTodo dialogo abierto y respetuoso es bienvenido. Cualquier tipo de spam, as\u00ed como cualquier mensaje de odio, ofensivo, profano, despectivo o difamatorio ser\u00e1 eliminado. Nuestros editores se reservan el derecho para editar o eliminar cualquier publicaci\u00f3n. Agradecemos su comprensi\u00f3n. Cualquier duda respecto a la presente pol\u00edtica, por favor comun\u00edquese con nosotros al siguiente correo: intergentes@mcgill.ca. \u00c9sta pol\u00edtica est\u00e1 sujeta a posibles modificaciones sin necesidad de otorgar previo aviso.<\/p>\n<p><strong>Politique portant sur les commentaires:<\/strong><br \/>\nNous accueillons un dialogue ouvert d\u2019esprit et respectueux. Tout commentaire sans rapport \u00e0 la publication, de plus que tout commentaire ou contenu \u00e9tant haineux, d\u00e9rogatoire, diffamatoire, ou profane, sera supprim\u00e9, de plus que tout commentaire offensant. Nos \u00e9diteurs se r\u00e9servent aussi le droit de modifier ou de supprimer n\u2019importe quel commentaire. Nous vous remercions de votre compr\u00e9hension. Si vous avez des questions au sujet de notre politique, nous vous prions de nous en faire part \u00e0 notre adresse courriel : intergentes@mcgill.ca. Notez aussi que cette politique peut \u00eatre modifi\u00e9e sans pr\u00e9avis.<\/p>\n<\/div>","protected":false},"excerpt":{"rendered":"<p>Commenting Policy: We welcome a respectful open dialogue. Spam will be removed, as will any hateful, derogatory, defamatory, profane, or offensive content. Our editors also reserve the right to edit or delete any posts. Thank you for your understanding. If you have any questions on the policy, please let us know at intergentes@mcgill.ca. This policy [&hellip;]<\/p>\n","protected":false},"author":1,"featured_media":0,"parent":0,"menu_order":0,"comment_status":"closed","ping_status":"closed","template":"","meta":{"footnotes":""},"class_list":["post-2616","page","type-page","status-publish","hentry"],"yoast_head":"<!-- This site is optimized with the Yoast SEO plugin v27.5 - https:\/\/yoast.com\/product\/yoast-seo-wordpress\/ -->\n<title>Comment Policy - Inter Gentes<\/title>\n<meta name=\"robots\" content=\"index, follow, max-snippet:-1, max-image-preview:large, max-video-preview:-1\" \/>\n<link rel=\"canonical\" href=\"https:\/\/intergentes.com\/fr\/comment-policy\/\" \/>\n<meta property=\"og:locale\" content=\"fr_FR\" \/>\n<meta property=\"og:type\" content=\"article\" \/>\n<meta property=\"og:title\" content=\"Comment Policy - Inter Gentes\" \/>\n<meta property=\"og:description\" content=\"Commenting Policy: We welcome a respectful open dialogue. Spam will be removed, as will any hateful, derogatory, defamatory, profane, or offensive content. Our editors also reserve the right to edit or delete any posts. Thank you for your understanding. If you have any questions on the policy, please let us know at intergentes@mcgill.ca. This policy [&hellip;]\" \/>\n<meta property=\"og:url\" content=\"https:\/\/intergentes.com\/fr\/comment-policy\/\" \/>\n<meta property=\"og:site_name\" content=\"Inter Gentes\" \/>\n<meta name=\"twitter:card\" content=\"summary_large_image\" \/>\n<meta name=\"twitter:label1\" content=\"Dur\u00e9e de lecture estim\u00e9e\" \/>\n\t<meta name=\"twitter:data1\" content=\"1 minute\" \/>\n<script type=\"application\/ld+json\" class=\"yoast-schema-graph\">{\"@context\":\"https:\\\/\\\/schema.org\",\"@graph\":[{\"@type\":\"WebPage\",\"@id\":\"https:\\\/\\\/intergentes.com\\\/fr\\\/comment-policy\\\/\",\"url\":\"https:\\\/\\\/intergentes.com\\\/fr\\\/comment-policy\\\/\",\"name\":\"Comment Policy - Inter Gentes\",\"isPartOf\":{\"@id\":\"https:\\\/\\\/intergentes.com\\\/#website\"},\"datePublished\":\"2018-02-03T19:47:27+00:00\",\"breadcrumb\":{\"@id\":\"https:\\\/\\\/intergentes.com\\\/fr\\\/comment-policy\\\/#breadcrumb\"},\"inLanguage\":\"fr-FR\",\"potentialAction\":[{\"@type\":\"ReadAction\",\"target\":[\"https:\\\/\\\/intergentes.com\\\/fr\\\/comment-policy\\\/\"]}]},{\"@type\":\"BreadcrumbList\",\"@id\":\"https:\\\/\\\/intergentes.com\\\/fr\\\/comment-policy\\\/#breadcrumb\",\"itemListElement\":[{\"@type\":\"ListItem\",\"position\":1,\"name\":\"Home\",\"item\":\"https:\\\/\\\/intergentes.com\\\/fr\\\/\"},{\"@type\":\"ListItem\",\"position\":2,\"name\":\"Comment Policy\"}]},{\"@type\":\"WebSite\",\"@id\":\"https:\\\/\\\/intergentes.com\\\/#website\",\"url\":\"https:\\\/\\\/intergentes.com\\\/\",\"name\":\"Inter Gentes\",\"description\":\"The McGill Journal of International Law &amp; Legal Pluralism\",\"potentialAction\":[{\"@type\":\"SearchAction\",\"target\":{\"@type\":\"EntryPoint\",\"urlTemplate\":\"https:\\\/\\\/intergentes.com\\\/?s={search_term_string}\"},\"query-input\":{\"@type\":\"PropertyValueSpecification\",\"valueRequired\":true,\"valueName\":\"search_term_string\"}}],\"inLanguage\":\"fr-FR\"}]}<\/script>\n<!-- \/ Yoast SEO plugin. -->","yoast_head_json":{"title":"Comment Policy - Inter Gentes","robots":{"index":"index","follow":"follow","max-snippet":"max-snippet:-1","max-image-preview":"max-image-preview:large","max-video-preview":"max-video-preview:-1"},"canonical":"https:\/\/intergentes.com\/fr\/comment-policy\/","og_locale":"fr_FR","og_type":"article","og_title":"Comment Policy - Inter Gentes","og_description":"Commenting Policy: We welcome a respectful open dialogue. Spam will be removed, as will any hateful, derogatory, defamatory, profane, or offensive content. Our editors also reserve the right to edit or delete any posts. Thank you for your understanding. If you have any questions on the policy, please let us know at intergentes@mcgill.ca. This policy [&hellip;]","og_url":"https:\/\/intergentes.com\/fr\/comment-policy\/","og_site_name":"Inter Gentes","twitter_card":"summary_large_image","twitter_misc":{"Dur\u00e9e de lecture estim\u00e9e":"1 minute"},"schema":{"@context":"https:\/\/schema.org","@graph":[{"@type":"WebPage","@id":"https:\/\/intergentes.com\/fr\/comment-policy\/","url":"https:\/\/intergentes.com\/fr\/comment-policy\/","name":"Comment Policy - Inter Gentes","isPartOf":{"@id":"https:\/\/intergentes.com\/#website"},"datePublished":"2018-02-03T19:47:27+00:00","breadcrumb":{"@id":"https:\/\/intergentes.com\/fr\/comment-policy\/#breadcrumb"},"inLanguage":"fr-FR","potentialAction":[{"@type":"ReadAction","target":["https:\/\/intergentes.com\/fr\/comment-policy\/"]}]},{"@type":"BreadcrumbList","@id":"https:\/\/intergentes.com\/fr\/comment-policy\/#breadcrumb","itemListElement":[{"@type":"ListItem","position":1,"name":"Home","item":"https:\/\/intergentes.com\/fr\/"},{"@type":"ListItem","position":2,"name":"Comment Policy"}]},{"@type":"WebSite","@id":"https:\/\/intergentes.com\/#website","url":"https:\/\/intergentes.com\/","name":"Inter Gentes","description":"The McGill Journal of International Law &amp; Legal Pluralism","potentialAction":[{"@type":"SearchAction","target":{"@type":"EntryPoint","urlTemplate":"https:\/\/intergentes.com\/?s={search_term_string}"},"query-input":{"@type":"PropertyValueSpecification","valueRequired":true,"valueName":"search_term_string"}}],"inLanguage":"fr-FR"}]}},"_links":{"self":[{"href":"https:\/\/intergentes.com\/fr\/wp-json\/wp\/v2\/pages\/2616","targetHints":{"allow":["GET"]}}],"collection":[{"href":"https:\/\/intergentes.com\/fr\/wp-json\/wp\/v2\/pages"}],"about":[{"href":"https:\/\/intergentes.com\/fr\/wp-json\/wp\/v2\/types\/page"}],"author":[{"embeddable":true,"href":"https:\/\/intergentes.com\/fr\/wp-json\/wp\/v2\/users\/1"}],"replies":[{"embeddable":true,"href":"https:\/\/intergentes.com\/fr\/wp-json\/wp\/v2\/comments?post=2616"}],"version-history":[{"count":0,"href":"https:\/\/intergentes.com\/fr\/wp-json\/wp\/v2\/pages\/2616\/revisions"}],"wp:attachment":[{"href":"https:\/\/intergentes.com\/fr\/wp-json\/wp\/v2\/media?parent=2616"}],"curies":[{"name":"wp","href":"https:\/\/api.w.org\/{rel}","templated":true}]}}