{"id":360,"date":"2015-01-12T05:53:51","date_gmt":"2015-01-12T05:53:51","guid":{"rendered":"https:\/\/intergentes.com\/recruitment-2\/"},"modified":"2018-09-07T16:11:18","modified_gmt":"2018-09-07T20:11:18","slug":"recrutement-2","status":"publish","type":"page","link":"https:\/\/intergentes.com\/fr\/lequipe-de-la-revue\/recrutement-2\/","title":{"rendered":"Recrutement"},"content":{"rendered":"<div class=\"wpb-content-wrapper\"><div class=\"nolwrap\">[vc_row][vc_column][vc_column_text]\n<h1 style=\"text-align: center;\">Nous recrutons maintenant! Les candidatures doivent \u00eatre envoy\u00e9es avant le 17 septembre 2018 \u00e0 minuit.<\/h1>\n[\/vc_column_text][mk_divider style=\u00a0\u00bbthin_solid\u00a0\u00bb][\/vc_column][\/vc_row][vc_row][vc_column width=\u00a0\u00bb1\/3&Prime;][mk_button dimension=\u00a0\u00bbflat\u00a0\u00bb size=\u00a0\u00bblarge\u00a0\u00bb url=\u00a0\u00bbhttps:\/\/intergentes.com\/wp-content\/uploads\/2018\/09\/2018_fr_editorial-recruitment-application.doc\u00a0\u00bb]T\u00e9l\u00e9charger l&rsquo;application de l&rsquo;\u00e9quipe de r\u00e9daction[\/mk_button][\/vc_column][vc_column width=\u00a0\u00bb1\/3&Prime;][mk_button dimension=\u00a0\u00bbflat\u00a0\u00bb size=\u00a0\u00bblarge\u00a0\u00bb url=\u00a0\u00bbhttps:\/\/intergentes.com\/wp-content\/uploads\/2018\/09\/2018_fr_management-recruitment-application.docx\u00a0\u00bb]T\u00e9l\u00e9charger l&rsquo;application de l&rsquo;\u00e9quipe administrative[\/mk_button][\/vc_column][vc_column width=\u00a0\u00bb1\/3&Prime;][mk_button dimension=\u00a0\u00bbflat\u00a0\u00bb size=\u00a0\u00bblarge\u00a0\u00bb url=\u00a0\u00bbhttps:\/\/intergentes.com\/wp-content\/uploads\/2018\/09\/2018_fr_multimedia-recruitment-application.docx\u00a0\u00bb]T\u00e9l\u00e9charger l&rsquo;application de l&rsquo;\u00e9quipe multimedia[\/mk_button][\/vc_column][\/vc_row]\n<\/div><\/div>","protected":false},"excerpt":{"rendered":"<p>[vc_row][vc_column][vc_column_text] Nous recrutons maintenant! Les candidatures doivent \u00eatre envoy\u00e9es avant le 17 septembre 2018 \u00e0 minuit. [\/vc_column_text][mk_divider style=\u00a0\u00bbthin_solid\u00a0\u00bb][\/vc_column][\/vc_row][vc_row][vc_column width=\u00a0\u00bb1\/3&Prime;][mk_button dimension=\u00a0\u00bbflat\u00a0\u00bb size=\u00a0\u00bblarge\u00a0\u00bb url=\u00a0\u00bbhttps:\/\/intergentes.com\/wp-content\/uploads\/2018\/09\/2018_fr_editorial-recruitment-application.doc\u00a0\u00bb]T\u00e9l\u00e9charger l&rsquo;application de l&rsquo;\u00e9quipe de r\u00e9daction[\/mk_button][\/vc_column][vc_column width=\u00a0\u00bb1\/3&Prime;][mk_button dimension=\u00a0\u00bbflat\u00a0\u00bb size=\u00a0\u00bblarge\u00a0\u00bb url=\u00a0\u00bbhttps:\/\/intergentes.com\/wp-content\/uploads\/2018\/09\/2018_fr_management-recruitment-application.docx\u00a0\u00bb]T\u00e9l\u00e9charger l&rsquo;application de l&rsquo;\u00e9quipe administrative[\/mk_button][\/vc_column][vc_column width=\u00a0\u00bb1\/3&Prime;][mk_button dimension=\u00a0\u00bbflat\u00a0\u00bb size=\u00a0\u00bblarge\u00a0\u00bb url=\u00a0\u00bbhttps:\/\/intergentes.com\/wp-content\/uploads\/2018\/09\/2018_fr_multimedia-recruitment-application.docx\u00a0\u00bb]T\u00e9l\u00e9charger l&rsquo;application de l&rsquo;\u00e9quipe multimedia[\/mk_button][\/vc_column][\/vc_row]<\/p>\n","protected":false},"author":1,"featured_media":0,"parent":350,"menu_order":0,"comment_status":"closed","ping_status":"closed","template":"","meta":{"footnotes":""},"class_list":["post-360","page","type-page","status-publish","hentry"],"yoast_head":"<!-- This site is optimized with the Yoast SEO plugin v27.4 - https:\/\/yoast.com\/product\/yoast-seo-wordpress\/ -->\n<title>Recrutement - Inter Gentes<\/title>\n<meta name=\"robots\" content=\"index, follow, max-snippet:-1, max-image-preview:large, max-video-preview:-1\" \/>\n<link rel=\"canonical\" href=\"https:\/\/intergentes.com\/fr\/lequipe-de-la-revue\/recrutement-2\/\" \/>\n<meta property=\"og:locale\" content=\"fr_FR\" \/>\n<meta property=\"og:type\" content=\"article\" \/>\n<meta property=\"og:title\" content=\"Recrutement - Inter Gentes\" \/>\n<meta property=\"og:description\" content=\"[vc_row][vc_column][vc_column_text] Nous recrutons maintenant! Les candidatures doivent \u00eatre envoy\u00e9es avant le 17 septembre 2018 \u00e0 minuit. [\/vc_column_text][mk_divider style=\u00a0\u00bbthin_solid\u00a0\u00bb][\/vc_column][\/vc_row][vc_row][vc_column width=\u00a0\u00bb1\/3&Prime;][mk_button dimension=\u00a0\u00bbflat\u00a0\u00bb size=\u00a0\u00bblarge\u00a0\u00bb url=\u00a0\u00bbhttps:\/\/intergentes.com\/wp-content\/uploads\/2018\/09\/2018_fr_editorial-recruitment-application.doc\u00a0\u00bb]T\u00e9l\u00e9charger l&rsquo;application de l&rsquo;\u00e9quipe de r\u00e9daction[\/mk_button][\/vc_column][vc_column width=\u00a0\u00bb1\/3&Prime;][mk_button dimension=\u00a0\u00bbflat\u00a0\u00bb size=\u00a0\u00bblarge\u00a0\u00bb url=\u00a0\u00bbhttps:\/\/intergentes.com\/wp-content\/uploads\/2018\/09\/2018_fr_management-recruitment-application.docx\u00a0\u00bb]T\u00e9l\u00e9charger l&rsquo;application de l&rsquo;\u00e9quipe administrative[\/mk_button][\/vc_column][vc_column width=\u00a0\u00bb1\/3&Prime;][mk_button dimension=\u00a0\u00bbflat\u00a0\u00bb size=\u00a0\u00bblarge\u00a0\u00bb url=\u00a0\u00bbhttps:\/\/intergentes.com\/wp-content\/uploads\/2018\/09\/2018_fr_multimedia-recruitment-application.docx\u00a0\u00bb]T\u00e9l\u00e9charger l&rsquo;application de l&rsquo;\u00e9quipe multimedia[\/mk_button][\/vc_column][\/vc_row]\" \/>\n<meta property=\"og:url\" content=\"https:\/\/intergentes.com\/fr\/lequipe-de-la-revue\/recrutement-2\/\" \/>\n<meta property=\"og:site_name\" content=\"Inter Gentes\" \/>\n<meta property=\"article:modified_time\" content=\"2018-09-07T20:11:18+00:00\" \/>\n<meta name=\"twitter:card\" content=\"summary_large_image\" \/>\n<meta name=\"twitter:label1\" content=\"Dur\u00e9e de lecture estim\u00e9e\" \/>\n\t<meta name=\"twitter:data1\" content=\"1 minute\" \/>\n<script type=\"application\/ld+json\" class=\"yoast-schema-graph\">{\"@context\":\"https:\\\/\\\/schema.org\",\"@graph\":[{\"@type\":\"WebPage\",\"@id\":\"https:\\\/\\\/intergentes.com\\\/fr\\\/lequipe-de-la-revue\\\/recrutement-2\\\/\",\"url\":\"https:\\\/\\\/intergentes.com\\\/fr\\\/lequipe-de-la-revue\\\/recrutement-2\\\/\",\"name\":\"Recrutement - Inter Gentes\",\"isPartOf\":{\"@id\":\"https:\\\/\\\/intergentes.com\\\/#website\"},\"datePublished\":\"2015-01-12T05:53:51+00:00\",\"dateModified\":\"2018-09-07T20:11:18+00:00\",\"breadcrumb\":{\"@id\":\"https:\\\/\\\/intergentes.com\\\/fr\\\/lequipe-de-la-revue\\\/recrutement-2\\\/#breadcrumb\"},\"inLanguage\":\"fr-FR\",\"potentialAction\":[{\"@type\":\"ReadAction\",\"target\":[\"https:\\\/\\\/intergentes.com\\\/fr\\\/lequipe-de-la-revue\\\/recrutement-2\\\/\"]}]},{\"@type\":\"BreadcrumbList\",\"@id\":\"https:\\\/\\\/intergentes.com\\\/fr\\\/lequipe-de-la-revue\\\/recrutement-2\\\/#breadcrumb\",\"itemListElement\":[{\"@type\":\"ListItem\",\"position\":1,\"name\":\"Home\",\"item\":\"https:\\\/\\\/intergentes.com\\\/fr\\\/\"},{\"@type\":\"ListItem\",\"position\":2,\"name\":\"Notre \u00e9quipe\",\"item\":\"https:\\\/\\\/intergentes.com\\\/fr\\\/lequipe-de-la-revue\\\/\"},{\"@type\":\"ListItem\",\"position\":3,\"name\":\"Recrutement\"}]},{\"@type\":\"WebSite\",\"@id\":\"https:\\\/\\\/intergentes.com\\\/#website\",\"url\":\"https:\\\/\\\/intergentes.com\\\/\",\"name\":\"Inter Gentes\",\"description\":\"The McGill Journal of International Law &amp; Legal Pluralism\",\"potentialAction\":[{\"@type\":\"SearchAction\",\"target\":{\"@type\":\"EntryPoint\",\"urlTemplate\":\"https:\\\/\\\/intergentes.com\\\/?s={search_term_string}\"},\"query-input\":{\"@type\":\"PropertyValueSpecification\",\"valueRequired\":true,\"valueName\":\"search_term_string\"}}],\"inLanguage\":\"fr-FR\"}]}<\/script>\n<!-- \/ Yoast SEO plugin. -->","yoast_head_json":{"title":"Recrutement - Inter Gentes","robots":{"index":"index","follow":"follow","max-snippet":"max-snippet:-1","max-image-preview":"max-image-preview:large","max-video-preview":"max-video-preview:-1"},"canonical":"https:\/\/intergentes.com\/fr\/lequipe-de-la-revue\/recrutement-2\/","og_locale":"fr_FR","og_type":"article","og_title":"Recrutement - Inter Gentes","og_description":"[vc_row][vc_column][vc_column_text] Nous recrutons maintenant! Les candidatures doivent \u00eatre envoy\u00e9es avant le 17 septembre 2018 \u00e0 minuit. [\/vc_column_text][mk_divider style=\u00a0\u00bbthin_solid\u00a0\u00bb][\/vc_column][\/vc_row][vc_row][vc_column width=\u00a0\u00bb1\/3&Prime;][mk_button dimension=\u00a0\u00bbflat\u00a0\u00bb size=\u00a0\u00bblarge\u00a0\u00bb url=\u00a0\u00bbhttps:\/\/intergentes.com\/wp-content\/uploads\/2018\/09\/2018_fr_editorial-recruitment-application.doc\u00a0\u00bb]T\u00e9l\u00e9charger l&rsquo;application de l&rsquo;\u00e9quipe de r\u00e9daction[\/mk_button][\/vc_column][vc_column width=\u00a0\u00bb1\/3&Prime;][mk_button dimension=\u00a0\u00bbflat\u00a0\u00bb size=\u00a0\u00bblarge\u00a0\u00bb url=\u00a0\u00bbhttps:\/\/intergentes.com\/wp-content\/uploads\/2018\/09\/2018_fr_management-recruitment-application.docx\u00a0\u00bb]T\u00e9l\u00e9charger l&rsquo;application de l&rsquo;\u00e9quipe administrative[\/mk_button][\/vc_column][vc_column width=\u00a0\u00bb1\/3&Prime;][mk_button dimension=\u00a0\u00bbflat\u00a0\u00bb size=\u00a0\u00bblarge\u00a0\u00bb url=\u00a0\u00bbhttps:\/\/intergentes.com\/wp-content\/uploads\/2018\/09\/2018_fr_multimedia-recruitment-application.docx\u00a0\u00bb]T\u00e9l\u00e9charger l&rsquo;application de l&rsquo;\u00e9quipe multimedia[\/mk_button][\/vc_column][\/vc_row]","og_url":"https:\/\/intergentes.com\/fr\/lequipe-de-la-revue\/recrutement-2\/","og_site_name":"Inter Gentes","article_modified_time":"2018-09-07T20:11:18+00:00","twitter_card":"summary_large_image","twitter_misc":{"Dur\u00e9e de lecture estim\u00e9e":"1 minute"},"schema":{"@context":"https:\/\/schema.org","@graph":[{"@type":"WebPage","@id":"https:\/\/intergentes.com\/fr\/lequipe-de-la-revue\/recrutement-2\/","url":"https:\/\/intergentes.com\/fr\/lequipe-de-la-revue\/recrutement-2\/","name":"Recrutement - Inter Gentes","isPartOf":{"@id":"https:\/\/intergentes.com\/#website"},"datePublished":"2015-01-12T05:53:51+00:00","dateModified":"2018-09-07T20:11:18+00:00","breadcrumb":{"@id":"https:\/\/intergentes.com\/fr\/lequipe-de-la-revue\/recrutement-2\/#breadcrumb"},"inLanguage":"fr-FR","potentialAction":[{"@type":"ReadAction","target":["https:\/\/intergentes.com\/fr\/lequipe-de-la-revue\/recrutement-2\/"]}]},{"@type":"BreadcrumbList","@id":"https:\/\/intergentes.com\/fr\/lequipe-de-la-revue\/recrutement-2\/#breadcrumb","itemListElement":[{"@type":"ListItem","position":1,"name":"Home","item":"https:\/\/intergentes.com\/fr\/"},{"@type":"ListItem","position":2,"name":"Notre \u00e9quipe","item":"https:\/\/intergentes.com\/fr\/lequipe-de-la-revue\/"},{"@type":"ListItem","position":3,"name":"Recrutement"}]},{"@type":"WebSite","@id":"https:\/\/intergentes.com\/#website","url":"https:\/\/intergentes.com\/","name":"Inter Gentes","description":"The McGill Journal of International Law &amp; Legal Pluralism","potentialAction":[{"@type":"SearchAction","target":{"@type":"EntryPoint","urlTemplate":"https:\/\/intergentes.com\/?s={search_term_string}"},"query-input":{"@type":"PropertyValueSpecification","valueRequired":true,"valueName":"search_term_string"}}],"inLanguage":"fr-FR"}]}},"_links":{"self":[{"href":"https:\/\/intergentes.com\/fr\/wp-json\/wp\/v2\/pages\/360","targetHints":{"allow":["GET"]}}],"collection":[{"href":"https:\/\/intergentes.com\/fr\/wp-json\/wp\/v2\/pages"}],"about":[{"href":"https:\/\/intergentes.com\/fr\/wp-json\/wp\/v2\/types\/page"}],"author":[{"embeddable":true,"href":"https:\/\/intergentes.com\/fr\/wp-json\/wp\/v2\/users\/1"}],"replies":[{"embeddable":true,"href":"https:\/\/intergentes.com\/fr\/wp-json\/wp\/v2\/comments?post=360"}],"version-history":[{"count":0,"href":"https:\/\/intergentes.com\/fr\/wp-json\/wp\/v2\/pages\/360\/revisions"}],"up":[{"embeddable":true,"href":"https:\/\/intergentes.com\/fr\/wp-json\/wp\/v2\/pages\/350"}],"wp:attachment":[{"href":"https:\/\/intergentes.com\/fr\/wp-json\/wp\/v2\/media?parent=360"}],"curies":[{"name":"wp","href":"https:\/\/api.w.org\/{rel}","templated":true}]}}