{"id":365,"date":"2015-02-15T03:51:42","date_gmt":"2015-02-15T03:51:42","guid":{"rendered":"https:\/\/intergentes.com\/submissions-2\/"},"modified":"2018-09-25T19:17:29","modified_gmt":"2018-09-25T23:17:29","slug":"contributions","status":"publish","type":"page","link":"https:\/\/intergentes.com\/fr\/contributions\/","title":{"rendered":"Contributions"},"content":{"rendered":"<div class=\"wpb-content-wrapper\"><div class=\"nolwrap\">[vc_row][vc_column][vc_tabs container_bg_color=\u00a0\u00bb#ffffff\u00a0\u00bb][vc_tab title=\u00a0\u00bb\u00c0 propos des contributions\u00a0\u00bb tab_id=\u00a0\u00bb1430194516-1-87f15e-c449&Prime;][vc_column_text]\n<h1 class=\"p1\"><span class=\"s1\">Directives de soumission<\/span><\/h1>\n<p class=\"p3\"><span class=\"s2\"><b><i>Inter Gentes<\/i><\/b>\u00a0publie des articles ayant trait au droit international et au pluralisme juridique sur une base continue. La pr\u00e9f\u00e9rence est donn\u00e9e aux articles qui d\u00e9veloppent des arguments et analyses innovantes, contrairement aux articles \u00e0 caract\u00e8res explicatifs. Conforme au concept d\u2019<i>Inter Gentes<\/i>, les articles qui d\u00e9veloppent de nouveaux paradigmes quant \u00e0 l\u2019\u00e9tude du droit international m\u00e9riteront une attention particuli\u00e8re de la part de l\u2019\u00e9quipe \u00e9ditoriale. De plus, <i>Inter Gentes<\/i> encourage ses contributeurs et contributrices \u00e0 dialoguer de fa\u00e7on constructive en publiant des \u00e9ditoriaux, commentaires et r\u00e9ponses sur la plateforme web de la Revue. <\/span><\/p>\n<p class=\"p3\"><span class=\"s2\">Les articles \u00e0 caract\u00e8re argumentatif seront prioris\u00e9s. Le Comit\u00e9 de r\u00e9daction est particuli\u00e8rement int\u00e9ress\u00e9 \u00e0 recevoir des articles offrant un regard novateur sur le droit international et le pluralisme juridique.<\/span><\/p>\n<h2 class=\"p4\"><span class=\"s2\"><b>I. Politiques g\u00e9n\u00e9rales de la contribution<\/b><\/span><\/h2>\n<p class=\"p3\"><span class=\"s2\"><i>Inter Gentes<\/i>\u00a0publie des articles acad\u00e9miques qui contribuent au d\u00e9veloppement th\u00e9orique du pluralisme juridique et du droit international. La Revue accepte les soumissions non-sollicit\u00e9es en lien avec son th\u00e8me actuel et tout article qui analyse de mani\u00e8re critique des questions de droit international public et de pluralisme juridique. <\/span><\/p>\n<p class=\"p3\"><span class=\"s2\"><i>Inter Gentes<\/i>\u00a0se veut une tribune pour un large \u00e9ventail d\u2019opinions. Nous acceptons les contributions de professionnel(les), de professeur(e)s, et d\u2019\u00e9tudiant(e)s impliqu\u00e9(e)s dans l\u2019\u00e9tude et la pratique du droit international public, du pluralisme juridique, et de toute autre discipline connexe.<\/span><\/p>\n<p class=\"p5\"><span class=\"s2\">Nous croyons fermement aux principes de diversit\u00e9 et d\u2019inclusion, et nous souhaitons ainsi promouvoir des textes interdisciplinaires r\u00e9dig\u00e9s par des femmes et des chercheurs et chercheuses d\u2019origines diverses. Nous sommes une revue libre acc\u00e8s et nous invitons les auteur(e)s \u00e0 se r\u00e9f\u00e9rer, lorsque possible, \u00e0 des sources \u00e9lectroniques. Nous cherchons \u00e9galement \u00e0 rendre le contenu de notre site Web accessible au plus grand nombre, notamment aux personnes aveugles ou malvoyantes.<\/span><\/p>\n<p class=\"p3\"><span class=\"s2\">Finalement,\u00a0<i>Inter Gentes<\/i>\u00a0promeut une \u00e9valuation par les pairs qui se fait \u00e0 la fois avant et apr\u00e8s la publication d\u2019un article. Ainsi, nous favorisons les dialogues constructifs et invitons nos contributeurs et contributrices \u00e0 publier des op-eds, des commentaires et des r\u00e9ponses aux articles d\u00e9j\u00e0 publi\u00e9s sur le site de la Revue.<\/span><\/p>\n<h2 class=\"p3\"><span class=\"s2\"><b>II. Crit\u00e8res de soumission<\/b><\/span><\/h2>\n<p class=\"p3\"><span class=\"s2\">Veuillez nous faire parvenir vos soumissions \u00e0\u00a0<a href=\"mailto:intergentes@mcgill.ca\">intergentes@mcgill.ca<\/a>\u00a0en format Microsoft Word, le corps du texte \u00e9tant \u00e0 double interligne et les notes de bas de page \u00e0 simple interligne. Nous acceptons les soumissions en fran\u00e7ais, en anglais et en espagnol. Les articles acad\u00e9miques ne doivent pas contenir d\u2019informations pouvant identifier l\u2019auteur(e) du texte. <\/span><\/p>\n<p class=\"p6\"><span class=\"s3\">Les auteur(e)s doivent inclure un r\u00e9sum\u00e9 d\u2019un maximum de 300 mots, ainsi qu\u2019un curriculum vitae qui comprend, s\u2019il y a lieu, une liste \u00e0 jour de leurs publications.<\/span><\/p>\n<p class=\"p6\"><span class=\"s3\">La Revue n\u2019accepte pas les manuscrits soumis par t\u00e9l\u00e9copieur ou par la poste.<\/span><\/p>\n<p class=\"p3\"><span class=\"s2\">Toutes les r\u00e9f\u00e9rences et les notes de bas de page doivent \u00eatre conformes \u00e0 la neuvi\u00e8me \u00e9dition du\u00a0<i>Manuel canadien de la r\u00e9f\u00e9rence juridique<\/i>. Les auteur(e)s doivent fournir des r\u00e9f\u00e9rences compl\u00e8tes et s\u2019assurer que les r\u00e9f\u00e9rences pr\u00e9cises (pages ou paragraphes) soient fournies lorsque prescrites. Les auteur(e)s devront fournir sur demande toute source qu\u2019ils auront cit\u00e9e. Nous encourageons fortement les auteur(e)s \u00e0 utiliser des sources \u00ab\u00a0libre acc\u00e8s\u00a0\u00bb\u00a0afin que le lectorat puisse s\u2019y r\u00e9f\u00e9rer plus facilement.<\/span><\/p>\n<p class=\"p6\"><span class=\"s3\">Nous encourageons l\u2019inclusion des genres dans les soumissions. Nous r\u00e9servons le droit de recommander des changements aux articles afin d\u2019assurer le respect de tous les membres de notre lectorat.<\/span><\/p>\n<p class=\"p8\"><span class=\"s2\"><b>Cat\u00e9gories de soumissions<\/b><\/span><\/p>\n<p class=\"p6\"><span class=\"s1\">Soumissions acad\u00e9miques<\/span><span class=\"s2\"> (subiront le processus \u00e9ditorial complet, incluant un examen \u00e0 double insu par les pairs)<\/span><\/p>\n<ol class=\"ol1\">\n<li class=\"li6\"><span class=\"s3\">Articles acad\u00e9miques (8 000 \u2013 15 000 mots)<\/span><\/li>\n<li class=\"li6\"><span class=\"s3\">Commentaires d\u2019arr\u00eat (1\u00a0500 \u2013 4\u00a0000 mots)<\/span><\/li>\n<li class=\"li6\"><span class=\"s3\">Recensions et commentaires d\u2019ouvrages (1\u00a0500 \u2013 4\u00a0000 mots)<\/span><\/li>\n<\/ol>\n<p class=\"p6\"><span class=\"s1\">Op-eds et commentaires<\/span><span class=\"s2\"> (subiront un processus \u00e9ditorial \u00e0 l\u2019interne et figureront sur notre site web)<\/span><\/p>\n<ol class=\"ol1\">\n<li class=\"li6\"><span class=\"s3\">Op-eds sur des enjeux d\u2019actualit\u00e9 en droit international et pluralisme juridique (500 \u2013 700 mots)<\/span><\/li>\n<li class=\"li6\"><span class=\"s3\">Commentaires et r\u00e9ponses \u00e0 des articles publi\u00e9s pr\u00e9c\u00e9demment sur\u00a0<i>Inter Gentes<\/i>\u00a0(500 \u2013 3\u00a0000 mots)<\/span><\/li>\n<\/ol>\n<p class=\"p9\"><span class=\"s2\">NB : Ces limites n\u2019incluent pas les notes de bas de page.<\/span><\/p>\n<h2 class=\"p6\"><span class=\"s2\"><b>III. Processus de s\u00e9lection pour les articles acad\u00e9miques<\/b><\/span><\/h2>\n<p class=\"p6\"><span class=\"s2\">Une fois re\u00e7us, les articles sont soumis \u00e0 un examen \u00e0 deux \u00e9tapes, men\u00e9 par le Comit\u00e9 de r\u00e9daction de la Revue compos\u00e9s d\u2019\u00e9tudiant(e)s au baccalaur\u00e9at (BCL\/LLB) et \u00e0 la ma\u00eetrise (LLM).<span class=\"Apple-converted-space\">\u00a0 <\/span>L\u2019\u00e9valuation interne d\u00e9termine si l\u2019article est (1) accept\u00e9 et peut \u00eatre soumis \u00e0 l\u2019examen \u00e0 double insu par les pairs, (2) retourn\u00e9 \u00e0 l\u2019auteur(e) afin qu\u2019il ou elle y apporte des modifications avant de le soumettre \u00e0 nouveau, ou (3) rejet\u00e9. Si cette \u00e9valuation interne s\u2019av\u00e8re positive, les articles sont ensuite envoy\u00e9s pour un examen par les pairs.<\/span><\/p>\n<p class=\"p6\"><span class=\"s2\">Le Comit\u00e9 ex\u00e9cutif d\u2019<i>Inter Gentes<\/i>\u00a0prend les d\u00e9cisions finales quant aux publications ayant compl\u00e9t\u00e9 l\u2019examen par les pairs. Notre Conseiller facultaire et les membres de notre Comit\u00e9 consultatif sont g\u00e9n\u00e9ralement consult\u00e9s \u00e0 l\u2019\u00e9gard de l\u2019\u00e9valuation des articles. Les auteur(e)s devront collaborer \u00e9troitement avec le Comit\u00e9 de r\u00e9daction pour toutes les modifications de fond et de forme pr\u00e9alables \u00e0 la publication de l\u2019article.<\/span><\/p>\n<p class=\"p6\"><span class=\"s2\"><b>\u00c9ch\u00e9ancier<\/b><\/span><span class=\"s1\"><br \/>\n<\/span><\/p>\n<p class=\"p6\"><span class=\"s2\">Nous prenons nos d\u00e9cisions sur une base continue, mais certains d\u00e9lais peuvent varier au cours de l\u2019ann\u00e9e. Le processus de r\u00e9vision peut prendre plusieurs semaines en raison de notre assiduit\u00e9 quant \u00e0 la s\u00e9lection d\u2019articles qui respectent nos exigences. Nous vous remercions de votre patience lors des p\u00e9riodes d\u2019\u00e9valuation \u00e0 la Facult\u00e9 de droit (novembre \u00e0 d\u00e9cembre, et mars \u00e0 avril) au cours desquelles le processus de r\u00e9vision peut \u00eatre prolong\u00e9.<\/span><\/p>\n<p class=\"p6\"><span class=\"s2\"><b>Exclusivit\u00e9 et droit d\u2019auteur<\/b><\/span><\/p>\n<p class=\"p6\"><span class=\"s2\">Les auteur(e)s dont les publications sont accept\u00e9es par\u00a0<i>Inter Gentes<\/i>\u00a0seront tenus de signer une entente indiquant qu\u2019ils acceptent nos politiques de droit d\u2019auteur et d\u2019exclusivit\u00e9. Veuillez noter que la Revue n\u2019accepte aucune soumission simultan\u00e9ment \u00e0 l\u2019\u00e9tude au sein d\u2019autres revues. Nous demandons aux auteur(e)s qu\u2019ils nous confirment leur conformit\u00e9 \u00e0 cette politique lorsqu\u2019ils nous soumettent leur article par courriel.<\/span><\/p>\n<p class=\"p6\"><span class=\"s2\">Suite \u00e0 la r\u00e9ception de la soumission et de la confirmation d\u2019exclusivit\u00e9, nous indiquerons une estimation du d\u00e9lai pr\u00e9vu avant toute d\u00e9cision de publication. Veuillez noter que l\u2019auteur(e) demeure titulaire des droits d\u2019auteur si l\u2019article est accept\u00e9. Toutefois, nous exigeons que les auteur(e)s signent une entente conf\u00e9rant \u00e0 la Revue la licence exclusive de publier le texte pour la premi\u00e8re fois ainsi qu\u2019une licence non exclusive pour la reproduction et la distribution de l\u2019article int\u00e9gral ou d\u2019extraits de ce dernier. Toute reproduction ou publication subs\u00e9quente de l\u2019article devra comporter une l\u00e9gende indiquant que celui-ci a d\u2019abord \u00e9t\u00e9 publi\u00e9 dans la Revue.<\/span><\/p>\n<h2 class=\"p6\"><span class=\"s2\"><b>IV. Processus d\u2019\u00e9dition<\/b><\/span><\/h2>\n<p class=\"p6\"><span class=\"s2\">Les r\u00e9dacteurs et r\u00e9dactrices d\u2019<i>Inter Gentes<\/i>\u00a0entreprennent leurs t\u00e2ches de r\u00e9daction en respectant le style et les id\u00e9es des auteur(e)s. Tous les articles sont r\u00e9vis\u00e9s pour assurer leur conformit\u00e9 aux r\u00e8gles de forme prescrites par la neuvi\u00e8me \u00e9dition du\u00a0<i>Manuel canadien de la r\u00e9f\u00e9rence juridique<\/i>. La Revue respecte le choix des auteur(e)s quant aux diff\u00e9rentes normes orthographiques.<\/span><\/p>\n<p class=\"p6\"><span class=\"s2\">Les auteur(e)s ont l\u2019opportunit\u00e9 de lire et de corriger les \u00e9preuves de leur article avant publication.<\/span><\/p>\n<p class=\"p6\"><span class=\"s2\">Le style et la substance de chaque r\u00e9f\u00e9rence et de chaque note de bas de page publi\u00e9e dans la Revue sont v\u00e9rifi\u00e9s par le Comit\u00e9 de r\u00e9daction dans le but d\u2019assurer l\u2019exactitude et la pertinence des sources cit\u00e9es. Ce processus \u00e9ditorial rigoureux est essentiel au maintien des hauts standards acad\u00e9miques de la Revue. Si les sources cit\u00e9es par l\u2019auteur(e) ne peuvent pas \u00eatre obtenues, la Revue se r\u00e9serve le droit d\u2019en demander une copie \u00e0 l\u2019auteur(e).<\/span><\/p>\n<h2 class=\"p6\"><span class=\"s2\"><b>V. Statut de votre soumission<\/b><\/span><\/h2>\n<p class=\"p6\"><span class=\"s2\">Tous les auteur(e)s recevront une confirmation indiquant que leur soumission est \u00e9valu\u00e9e au plus tard un mois apr\u00e8s la r\u00e9ception de leur texte. Nous tenterons d\u2019avertir les auteur(e)s de l\u2019acceptation ou du rejet de leur article d\u00e8s que possible.<\/span><\/p>\n[\/vc_column_text][\/vc_tab][vc_tab title=\u00a0\u00bbPr\u00e9c\u00e9dents appels \u00e0 contributions\u00a0\u00bb tab_id=\u00a0\u00bb1430194516-2-44f15e-c449&Prime;][vc_column_text]\n<p style=\"text-align: center;\"><b>La date limite de soumission pour la deuxi\u00e8me \u00e9dition th\u00e9matique \u00e9tait le\u00a0<\/b><strong><span class=\"s1\">31 juillet\u00a02016\u00a0<\/span><\/strong><\/p>\n<h2 style=\"text-align: center;\">Le th\u00e8me de notre seconde\u00a0publication<\/h2>\n<h2 style=\"text-align: center;\"><span style=\"color: #008080;\"><strong>La propri\u00e9t\u00e9 (in)tangible sur le plan international<\/strong><\/span><\/h2>\n<p style=\"text-align: justify;\">La notion de propri\u00e9t\u00e9 en droit international comporte de nombreux \u00e9l\u00e9ments, notamment la propri\u00e9t\u00e9 fonci\u00e8re, les ressources naturelles et les conflits maritimes. Cette notion de propri\u00e9t\u00e9 \u00e0 l\u2019\u00e9gard de biens tangibles soul\u00e8ve plusieurs questions entourant le droit de propri\u00e9t\u00e9 autochtone, la question des pipelines, le r\u00e9gime et les biens fonciers, le d\u00e9veloppement, l\u2019expropriation, les litiges maritimes, la propri\u00e9t\u00e9 culturelle et le patrimoine commun de l\u2019humanit\u00e9.\u00a0D\u2019autre part, la notion de propri\u00e9t\u00e9 renferme souvent un aspect intangible\u00a0comme l\u2019identit\u00e9, la culture, l\u2019auto-d\u00e9termination, la souverainet\u00e9 et la vie priv\u00e9e.<\/p>\n<p style=\"text-align: justify;\">Il existe en effet un lien inextricable entre la propri\u00e9t\u00e9 tangible et intangible. Par exemple, le droit de propri\u00e9t\u00e9 autochtone et la propri\u00e9t\u00e9 culturelle sont indissociables des questions d\u2019identit\u00e9, de culture et d\u2019auto-d\u00e9termination. Les th\u00e8mes de ressources, de propri\u00e9t\u00e9 fonci\u00e8re et de conflits maritimes sont li\u00e9s au concept de souverainet\u00e9 et, tr\u00e8s souvent, \u00e0 celui de n\u00e9ocolonialisme. Enfin, on invoque souvent le droit \u00e0 la s\u00e9curit\u00e9 et la protection du territoire national pour justifier la violation du droit \u00e0 la vie priv\u00e9e et la saisie de donn\u00e9es et de renseignements personnels.<\/p>\n<p style=\"text-align: justify;\">Pour la seconde publication d\u2019<em>Inter Gentes<\/em>, nous invitons les auteurs \u00e0 explorer le th\u00e8me de propri\u00e9t\u00e9 tangible et intangible en droit international. Nous incitons les auteur(e)s \u00e0 adopter une approche interdisciplinaire s\u2019inspirant \u00e0 la fois du droit international public, du pluralisme juridique, des droits humains, des droits culturels, du d\u00e9veloppement et des th\u00e9ories tiers-mondistes (TWAIL). Enfin, nous encourageons fortement les soumissions qui contestent le statu quo.<\/p>\n[\/vc_column_text][vc_column_text]\n<h2><\/h2>\n[\/vc_column_text][\/vc_tab][\/vc_tabs][\/vc_column][\/vc_row][vc_row][vc_column][\/vc_column][\/vc_row]\n<\/div><\/div>","protected":false},"excerpt":{"rendered":"<p>[vc_row][vc_column][vc_tabs container_bg_color=\u00a0\u00bb#ffffff\u00a0\u00bb][vc_tab title=\u00a0\u00bb\u00c0 propos des contributions\u00a0\u00bb tab_id=\u00a0\u00bb1430194516-1-87f15e-c449&Prime;][vc_column_text] Directives de soumission Inter Gentes\u00a0publie des articles ayant trait au droit international et au pluralisme juridique sur une base continue. La pr\u00e9f\u00e9rence est donn\u00e9e aux articles qui d\u00e9veloppent des arguments et analyses innovantes, contrairement aux articles \u00e0 caract\u00e8res explicatifs. Conforme au concept d\u2019Inter Gentes, les articles qui d\u00e9veloppent [&hellip;]<\/p>\n","protected":false},"author":1,"featured_media":0,"parent":0,"menu_order":0,"comment_status":"closed","ping_status":"closed","template":"","meta":{"footnotes":""},"class_list":["post-365","page","type-page","status-publish","hentry"],"yoast_head":"<!-- This site is optimized with the Yoast SEO plugin v27.4 - https:\/\/yoast.com\/product\/yoast-seo-wordpress\/ -->\n<title>Contributions - Inter Gentes<\/title>\n<meta name=\"robots\" content=\"index, follow, max-snippet:-1, max-image-preview:large, max-video-preview:-1\" \/>\n<link rel=\"canonical\" href=\"https:\/\/intergentes.com\/fr\/contributions\/\" \/>\n<meta property=\"og:locale\" content=\"fr_FR\" \/>\n<meta property=\"og:type\" content=\"article\" \/>\n<meta property=\"og:title\" content=\"Contributions - Inter Gentes\" \/>\n<meta property=\"og:description\" content=\"[vc_row][vc_column][vc_tabs container_bg_color=\u00a0\u00bb#ffffff\u00a0\u00bb][vc_tab title=\u00a0\u00bb\u00c0 propos des contributions\u00a0\u00bb tab_id=\u00a0\u00bb1430194516-1-87f15e-c449&Prime;][vc_column_text] Directives de soumission Inter Gentes\u00a0publie des articles ayant trait au droit international et au pluralisme juridique sur une base continue. La pr\u00e9f\u00e9rence est donn\u00e9e aux articles qui d\u00e9veloppent des arguments et analyses innovantes, contrairement aux articles \u00e0 caract\u00e8res explicatifs. Conforme au concept d\u2019Inter Gentes, les articles qui d\u00e9veloppent [&hellip;]\" \/>\n<meta property=\"og:url\" content=\"https:\/\/intergentes.com\/fr\/contributions\/\" \/>\n<meta property=\"og:site_name\" content=\"Inter Gentes\" \/>\n<meta property=\"article:modified_time\" content=\"2018-09-25T23:17:29+00:00\" \/>\n<meta name=\"twitter:card\" content=\"summary_large_image\" \/>\n<meta name=\"twitter:label1\" content=\"Dur\u00e9e de lecture estim\u00e9e\" \/>\n\t<meta name=\"twitter:data1\" content=\"9 minutes\" \/>\n<script type=\"application\/ld+json\" class=\"yoast-schema-graph\">{\"@context\":\"https:\\\/\\\/schema.org\",\"@graph\":[{\"@type\":\"WebPage\",\"@id\":\"https:\\\/\\\/intergentes.com\\\/fr\\\/contributions\\\/\",\"url\":\"https:\\\/\\\/intergentes.com\\\/fr\\\/contributions\\\/\",\"name\":\"Contributions - Inter Gentes\",\"isPartOf\":{\"@id\":\"https:\\\/\\\/intergentes.com\\\/#website\"},\"datePublished\":\"2015-02-15T03:51:42+00:00\",\"dateModified\":\"2018-09-25T23:17:29+00:00\",\"breadcrumb\":{\"@id\":\"https:\\\/\\\/intergentes.com\\\/fr\\\/contributions\\\/#breadcrumb\"},\"inLanguage\":\"fr-FR\",\"potentialAction\":[{\"@type\":\"ReadAction\",\"target\":[\"https:\\\/\\\/intergentes.com\\\/fr\\\/contributions\\\/\"]}]},{\"@type\":\"BreadcrumbList\",\"@id\":\"https:\\\/\\\/intergentes.com\\\/fr\\\/contributions\\\/#breadcrumb\",\"itemListElement\":[{\"@type\":\"ListItem\",\"position\":1,\"name\":\"Home\",\"item\":\"https:\\\/\\\/intergentes.com\\\/fr\\\/\"},{\"@type\":\"ListItem\",\"position\":2,\"name\":\"Contributions\"}]},{\"@type\":\"WebSite\",\"@id\":\"https:\\\/\\\/intergentes.com\\\/#website\",\"url\":\"https:\\\/\\\/intergentes.com\\\/\",\"name\":\"Inter Gentes\",\"description\":\"The McGill Journal of International Law &amp; Legal Pluralism\",\"potentialAction\":[{\"@type\":\"SearchAction\",\"target\":{\"@type\":\"EntryPoint\",\"urlTemplate\":\"https:\\\/\\\/intergentes.com\\\/?s={search_term_string}\"},\"query-input\":{\"@type\":\"PropertyValueSpecification\",\"valueRequired\":true,\"valueName\":\"search_term_string\"}}],\"inLanguage\":\"fr-FR\"}]}<\/script>\n<!-- \/ Yoast SEO plugin. -->","yoast_head_json":{"title":"Contributions - Inter Gentes","robots":{"index":"index","follow":"follow","max-snippet":"max-snippet:-1","max-image-preview":"max-image-preview:large","max-video-preview":"max-video-preview:-1"},"canonical":"https:\/\/intergentes.com\/fr\/contributions\/","og_locale":"fr_FR","og_type":"article","og_title":"Contributions - Inter Gentes","og_description":"[vc_row][vc_column][vc_tabs container_bg_color=\u00a0\u00bb#ffffff\u00a0\u00bb][vc_tab title=\u00a0\u00bb\u00c0 propos des contributions\u00a0\u00bb tab_id=\u00a0\u00bb1430194516-1-87f15e-c449&Prime;][vc_column_text] Directives de soumission Inter Gentes\u00a0publie des articles ayant trait au droit international et au pluralisme juridique sur une base continue. La pr\u00e9f\u00e9rence est donn\u00e9e aux articles qui d\u00e9veloppent des arguments et analyses innovantes, contrairement aux articles \u00e0 caract\u00e8res explicatifs. Conforme au concept d\u2019Inter Gentes, les articles qui d\u00e9veloppent [&hellip;]","og_url":"https:\/\/intergentes.com\/fr\/contributions\/","og_site_name":"Inter Gentes","article_modified_time":"2018-09-25T23:17:29+00:00","twitter_card":"summary_large_image","twitter_misc":{"Dur\u00e9e de lecture estim\u00e9e":"9 minutes"},"schema":{"@context":"https:\/\/schema.org","@graph":[{"@type":"WebPage","@id":"https:\/\/intergentes.com\/fr\/contributions\/","url":"https:\/\/intergentes.com\/fr\/contributions\/","name":"Contributions - Inter Gentes","isPartOf":{"@id":"https:\/\/intergentes.com\/#website"},"datePublished":"2015-02-15T03:51:42+00:00","dateModified":"2018-09-25T23:17:29+00:00","breadcrumb":{"@id":"https:\/\/intergentes.com\/fr\/contributions\/#breadcrumb"},"inLanguage":"fr-FR","potentialAction":[{"@type":"ReadAction","target":["https:\/\/intergentes.com\/fr\/contributions\/"]}]},{"@type":"BreadcrumbList","@id":"https:\/\/intergentes.com\/fr\/contributions\/#breadcrumb","itemListElement":[{"@type":"ListItem","position":1,"name":"Home","item":"https:\/\/intergentes.com\/fr\/"},{"@type":"ListItem","position":2,"name":"Contributions"}]},{"@type":"WebSite","@id":"https:\/\/intergentes.com\/#website","url":"https:\/\/intergentes.com\/","name":"Inter Gentes","description":"The McGill Journal of International Law &amp; Legal Pluralism","potentialAction":[{"@type":"SearchAction","target":{"@type":"EntryPoint","urlTemplate":"https:\/\/intergentes.com\/?s={search_term_string}"},"query-input":{"@type":"PropertyValueSpecification","valueRequired":true,"valueName":"search_term_string"}}],"inLanguage":"fr-FR"}]}},"_links":{"self":[{"href":"https:\/\/intergentes.com\/fr\/wp-json\/wp\/v2\/pages\/365","targetHints":{"allow":["GET"]}}],"collection":[{"href":"https:\/\/intergentes.com\/fr\/wp-json\/wp\/v2\/pages"}],"about":[{"href":"https:\/\/intergentes.com\/fr\/wp-json\/wp\/v2\/types\/page"}],"author":[{"embeddable":true,"href":"https:\/\/intergentes.com\/fr\/wp-json\/wp\/v2\/users\/1"}],"replies":[{"embeddable":true,"href":"https:\/\/intergentes.com\/fr\/wp-json\/wp\/v2\/comments?post=365"}],"version-history":[{"count":0,"href":"https:\/\/intergentes.com\/fr\/wp-json\/wp\/v2\/pages\/365\/revisions"}],"wp:attachment":[{"href":"https:\/\/intergentes.com\/fr\/wp-json\/wp\/v2\/media?parent=365"}],"curies":[{"name":"wp","href":"https:\/\/api.w.org\/{rel}","templated":true}]}}