{"id":595,"date":"2015-10-29T19:37:23","date_gmt":"2015-10-29T23:37:23","guid":{"rendered":"https:\/\/intergentes.com\/fr\/about-us\/"},"modified":"2018-03-09T17:06:42","modified_gmt":"2018-03-09T22:06:42","slug":"a-propos-de-nous","status":"publish","type":"page","link":"https:\/\/intergentes.com\/fr\/a-propos-de-nous\/","title":{"rendered":"\u00c0 propos de nous"},"content":{"rendered":"<div class=\"wpb-content-wrapper\"><div class=\"nolwrap\">[vc_row][vc_column][mk_divider style=\u00a0\u00bbpadding_space\u00a0\u00bb][\/vc_column][\/vc_row][vc_row fullwidth=\u00a0\u00bbtrue\u00a0\u00bb padding=\u00a0\u00bb3&Prime;][vc_column width=\u00a0\u00bb2\/3&Prime; css=\u00a0\u00bb.vc_custom_1446324716535{padding-left: 70px !important;}\u00a0\u00bb][vc_column_text]\n<h2>Inter Gentes est la premi\u00e8re revue de droit international fond\u00e9e \u00e0 la Facult\u00e9 de droit de l\u2019Universit\u00e9 McGill. Deux objectifs sous-tendent sa cr\u00e9ation:<\/h2>\n[\/vc_column_text][mk_divider style=\u00a0\u00bbthin_solid\u00a0\u00bb][vc_row_inner][vc_column_inner width=\u00a0\u00bb1\/6&Prime;][mk_image src=\u00a0\u00bbhttps:\/\/intergentes.com\/wp-content\/uploads\/2015\/10\/1.png\u00a0\u00bb crop=\u00a0\u00bbfalse\u00a0\u00bb][\/vc_column_inner][vc_column_inner width=\u00a0\u00bb5\/6&Prime;][vc_column_text]<strong>Repenser le syst\u00e8me international \u00e0 travers le pluralisme juridique <\/strong><\/p>\n<p>Le mod\u00e8le strictement \u00e9tatiste du droit international s\u2019\u00e9puise,\u2018ce qui n\u00e9cessite de repenser de mani\u00e8re ouverte et plurielle la discipline. L\u2019\u00e9volution entre, d\u2019une part, un syst\u00e8me juridique inter\u00e9tatique et, d\u2019autre part, un syst\u00e8me juridique aux sources normatives aussi diverses que complexes, requiert un dialogue constructif entre ses multiples acteurs. Inter Gentes rel\u00e8ve ce d\u00e9fi. En tant que publication trilingue assist\u00e9e par un comit\u00e9 consultatif international et diversifi\u00e9, la Revue contribue \u00e0 cet \u00e9change et constitue un forum permettant une red\u00e9finition pluraliste et collective du droit des peuples.[\/vc_column_text][mk_divider style=\u00a0\u00bbthin_solid\u00a0\u00bb][\/vc_column_inner][\/vc_row_inner][vc_row_inner][vc_column_inner width=\u00a0\u00bb1\/6&Prime;][mk_image src=\u00a0\u00bbhttps:\/\/intergentes.com\/wp-content\/uploads\/2015\/10\/2.png\u00a0\u00bb crop=\u00a0\u00bbfalse\u00a0\u00bb][\/vc_column_inner][vc_column_inner width=\u00a0\u00bb5\/6&Prime;][vc_column_text]<strong>Cr\u00e9er une revue acad\u00e9mique mondiale et contemporaine<\/strong><\/p>\n<p>A l\u2019\u00e8re du multim\u00e9dia, l&rsquo;efficacit\u00e9 des revues statiques et difficilement accessibles au grand public est \u00e9galement remise en cause. Inter Gentes cherche \u00e0 cr\u00e9er un dialogue dynamique et interactif entre les lecteurs et leurs auteurs. Ainsi, entre chaque cycle de publication, les articles seront compl\u00e9t\u00e9s par des commentaires, des r\u00e9actions et des informations contextuelles. Inter Gentes constituera de ce fait un forum pour \u00e9laborer, discuter et d\u00e9battre les articles publi\u00e9s, plut\u00f4t qu\u2019une vitrine pour leur exposition. Inter Gentes compte d\u00e9j\u00e0 parmi son comit\u00e9 consultatif de nombreux expert(e)s en droit international, enthousiastes de se joindre \u00e0 cette initiative unique. Nous invitons \u00e9galement les juristes, \u00e9tudiant(e)s et membres du public \u00e0 y participer afin de favoriser la dynamique d\u2019\u00e9change indispensable \u00e0 la Revue.[\/vc_column_text][\/vc_column_inner][\/vc_row_inner][\/vc_column][vc_column width=\u00a0\u00bb1\/3&Prime; css=\u00a0\u00bb.vc_custom_1446325292844{margin-right: 0px !important;border-right-width: 0px !important;padding-top: 0px !important;padding-right: 0px !important;}\u00a0\u00bb][mk_image src=\u00a0\u00bbhttps:\/\/intergentes.com\/wp-content\/uploads\/2015\/10\/side-graphic.png\u00a0\u00bb align=\u00a0\u00bbright\u00a0\u00bb crop=\u00a0\u00bbfalse\u00a0\u00bb][\/vc_column][\/vc_row]\n<\/div><\/div>","protected":false},"excerpt":{"rendered":"<p>[vc_row][vc_column][mk_divider style=\u00a0\u00bbpadding_space\u00a0\u00bb][\/vc_column][\/vc_row][vc_row fullwidth=\u00a0\u00bbtrue\u00a0\u00bb padding=\u00a0\u00bb3&Prime;][vc_column width=\u00a0\u00bb2\/3&Prime; css=\u00a0\u00bb.vc_custom_1446324716535{padding-left: 70px !important;}\u00a0\u00bb][vc_column_text] Inter Gentes est la premi\u00e8re revue de droit international fond\u00e9e \u00e0 la Facult\u00e9 de droit de l\u2019Universit\u00e9 McGill. Deux objectifs sous-tendent sa cr\u00e9ation: [\/vc_column_text][mk_divider style=\u00a0\u00bbthin_solid\u00a0\u00bb][vc_row_inner][vc_column_inner width=\u00a0\u00bb1\/6&Prime;][mk_image src=\u00a0\u00bbhttps:\/\/intergentes.com\/wp-content\/uploads\/2015\/10\/1.png\u00a0\u00bb crop=\u00a0\u00bbfalse\u00a0\u00bb][\/vc_column_inner][vc_column_inner width=\u00a0\u00bb5\/6&Prime;][vc_column_text]Repenser le syst\u00e8me international \u00e0 travers le pluralisme juridique Le mod\u00e8le strictement \u00e9tatiste du droit international s\u2019\u00e9puise,\u2018ce qui n\u00e9cessite [&hellip;]<\/p>\n","protected":false},"author":1,"featured_media":0,"parent":0,"menu_order":0,"comment_status":"closed","ping_status":"closed","template":"","meta":{"footnotes":""},"class_list":["post-595","page","type-page","status-publish","hentry"],"yoast_head":"<!-- This site is optimized with the Yoast SEO plugin v27.6 - https:\/\/yoast.com\/product\/yoast-seo-wordpress\/ -->\n<title>\u00c0 propos de nous - Inter Gentes<\/title>\n<meta name=\"robots\" content=\"index, follow, max-snippet:-1, max-image-preview:large, max-video-preview:-1\" \/>\n<link rel=\"canonical\" href=\"https:\/\/intergentes.com\/fr\/a-propos-de-nous\/\" \/>\n<meta property=\"og:locale\" content=\"fr_FR\" \/>\n<meta property=\"og:type\" content=\"article\" \/>\n<meta property=\"og:title\" content=\"\u00c0 propos de nous - Inter Gentes\" \/>\n<meta property=\"og:description\" content=\"[vc_row][vc_column][mk_divider style=\u00a0\u00bbpadding_space\u00a0\u00bb][\/vc_column][\/vc_row][vc_row fullwidth=\u00a0\u00bbtrue\u00a0\u00bb padding=\u00a0\u00bb3&Prime;][vc_column width=\u00a0\u00bb2\/3&Prime; css=\u00a0\u00bb.vc_custom_1446324716535{padding-left: 70px !important;}\u00a0\u00bb][vc_column_text] Inter Gentes est la premi\u00e8re revue de droit international fond\u00e9e \u00e0 la Facult\u00e9 de droit de l\u2019Universit\u00e9 McGill. Deux objectifs sous-tendent sa cr\u00e9ation: [\/vc_column_text][mk_divider style=\u00a0\u00bbthin_solid\u00a0\u00bb][vc_row_inner][vc_column_inner width=\u00a0\u00bb1\/6&Prime;][mk_image src=\u00a0\u00bbhttps:\/\/intergentes.com\/wp-content\/uploads\/2015\/10\/1.png\u00a0\u00bb crop=\u00a0\u00bbfalse\u00a0\u00bb][\/vc_column_inner][vc_column_inner width=\u00a0\u00bb5\/6&Prime;][vc_column_text]Repenser le syst\u00e8me international \u00e0 travers le pluralisme juridique Le mod\u00e8le strictement \u00e9tatiste du droit international s\u2019\u00e9puise,\u2018ce qui n\u00e9cessite [&hellip;]\" \/>\n<meta property=\"og:url\" content=\"https:\/\/intergentes.com\/fr\/a-propos-de-nous\/\" \/>\n<meta property=\"og:site_name\" content=\"Inter Gentes\" \/>\n<meta property=\"article:modified_time\" content=\"2018-03-09T22:06:42+00:00\" \/>\n<meta name=\"twitter:card\" content=\"summary_large_image\" \/>\n<meta name=\"twitter:label1\" content=\"Dur\u00e9e de lecture estim\u00e9e\" \/>\n\t<meta name=\"twitter:data1\" content=\"2 minutes\" \/>\n<script type=\"application\/ld+json\" class=\"yoast-schema-graph\">{\"@context\":\"https:\\\/\\\/schema.org\",\"@graph\":[{\"@type\":\"WebPage\",\"@id\":\"https:\\\/\\\/intergentes.com\\\/fr\\\/a-propos-de-nous\\\/\",\"url\":\"https:\\\/\\\/intergentes.com\\\/fr\\\/a-propos-de-nous\\\/\",\"name\":\"\u00c0 propos de nous - Inter Gentes\",\"isPartOf\":{\"@id\":\"https:\\\/\\\/intergentes.com\\\/#website\"},\"datePublished\":\"2015-10-29T23:37:23+00:00\",\"dateModified\":\"2018-03-09T22:06:42+00:00\",\"breadcrumb\":{\"@id\":\"https:\\\/\\\/intergentes.com\\\/fr\\\/a-propos-de-nous\\\/#breadcrumb\"},\"inLanguage\":\"fr-FR\",\"potentialAction\":[{\"@type\":\"ReadAction\",\"target\":[\"https:\\\/\\\/intergentes.com\\\/fr\\\/a-propos-de-nous\\\/\"]}]},{\"@type\":\"BreadcrumbList\",\"@id\":\"https:\\\/\\\/intergentes.com\\\/fr\\\/a-propos-de-nous\\\/#breadcrumb\",\"itemListElement\":[{\"@type\":\"ListItem\",\"position\":1,\"name\":\"Home\",\"item\":\"https:\\\/\\\/intergentes.com\\\/fr\\\/\"},{\"@type\":\"ListItem\",\"position\":2,\"name\":\"\u00c0 propos de nous\"}]},{\"@type\":\"WebSite\",\"@id\":\"https:\\\/\\\/intergentes.com\\\/#website\",\"url\":\"https:\\\/\\\/intergentes.com\\\/\",\"name\":\"Inter Gentes\",\"description\":\"The McGill Journal of International Law &amp; Legal Pluralism\",\"potentialAction\":[{\"@type\":\"SearchAction\",\"target\":{\"@type\":\"EntryPoint\",\"urlTemplate\":\"https:\\\/\\\/intergentes.com\\\/?s={search_term_string}\"},\"query-input\":{\"@type\":\"PropertyValueSpecification\",\"valueRequired\":true,\"valueName\":\"search_term_string\"}}],\"inLanguage\":\"fr-FR\"}]}<\/script>\n<!-- \/ Yoast SEO plugin. -->","yoast_head_json":{"title":"\u00c0 propos de nous - Inter Gentes","robots":{"index":"index","follow":"follow","max-snippet":"max-snippet:-1","max-image-preview":"max-image-preview:large","max-video-preview":"max-video-preview:-1"},"canonical":"https:\/\/intergentes.com\/fr\/a-propos-de-nous\/","og_locale":"fr_FR","og_type":"article","og_title":"\u00c0 propos de nous - Inter Gentes","og_description":"[vc_row][vc_column][mk_divider style=\u00a0\u00bbpadding_space\u00a0\u00bb][\/vc_column][\/vc_row][vc_row fullwidth=\u00a0\u00bbtrue\u00a0\u00bb padding=\u00a0\u00bb3&Prime;][vc_column width=\u00a0\u00bb2\/3&Prime; css=\u00a0\u00bb.vc_custom_1446324716535{padding-left: 70px !important;}\u00a0\u00bb][vc_column_text] Inter Gentes est la premi\u00e8re revue de droit international fond\u00e9e \u00e0 la Facult\u00e9 de droit de l\u2019Universit\u00e9 McGill. Deux objectifs sous-tendent sa cr\u00e9ation: [\/vc_column_text][mk_divider style=\u00a0\u00bbthin_solid\u00a0\u00bb][vc_row_inner][vc_column_inner width=\u00a0\u00bb1\/6&Prime;][mk_image src=\u00a0\u00bbhttps:\/\/intergentes.com\/wp-content\/uploads\/2015\/10\/1.png\u00a0\u00bb crop=\u00a0\u00bbfalse\u00a0\u00bb][\/vc_column_inner][vc_column_inner width=\u00a0\u00bb5\/6&Prime;][vc_column_text]Repenser le syst\u00e8me international \u00e0 travers le pluralisme juridique Le mod\u00e8le strictement \u00e9tatiste du droit international s\u2019\u00e9puise,\u2018ce qui n\u00e9cessite [&hellip;]","og_url":"https:\/\/intergentes.com\/fr\/a-propos-de-nous\/","og_site_name":"Inter Gentes","article_modified_time":"2018-03-09T22:06:42+00:00","twitter_card":"summary_large_image","twitter_misc":{"Dur\u00e9e de lecture estim\u00e9e":"2 minutes"},"schema":{"@context":"https:\/\/schema.org","@graph":[{"@type":"WebPage","@id":"https:\/\/intergentes.com\/fr\/a-propos-de-nous\/","url":"https:\/\/intergentes.com\/fr\/a-propos-de-nous\/","name":"\u00c0 propos de nous - Inter Gentes","isPartOf":{"@id":"https:\/\/intergentes.com\/#website"},"datePublished":"2015-10-29T23:37:23+00:00","dateModified":"2018-03-09T22:06:42+00:00","breadcrumb":{"@id":"https:\/\/intergentes.com\/fr\/a-propos-de-nous\/#breadcrumb"},"inLanguage":"fr-FR","potentialAction":[{"@type":"ReadAction","target":["https:\/\/intergentes.com\/fr\/a-propos-de-nous\/"]}]},{"@type":"BreadcrumbList","@id":"https:\/\/intergentes.com\/fr\/a-propos-de-nous\/#breadcrumb","itemListElement":[{"@type":"ListItem","position":1,"name":"Home","item":"https:\/\/intergentes.com\/fr\/"},{"@type":"ListItem","position":2,"name":"\u00c0 propos de nous"}]},{"@type":"WebSite","@id":"https:\/\/intergentes.com\/#website","url":"https:\/\/intergentes.com\/","name":"Inter Gentes","description":"The McGill Journal of International Law &amp; Legal Pluralism","potentialAction":[{"@type":"SearchAction","target":{"@type":"EntryPoint","urlTemplate":"https:\/\/intergentes.com\/?s={search_term_string}"},"query-input":{"@type":"PropertyValueSpecification","valueRequired":true,"valueName":"search_term_string"}}],"inLanguage":"fr-FR"}]}},"_links":{"self":[{"href":"https:\/\/intergentes.com\/fr\/wp-json\/wp\/v2\/pages\/595","targetHints":{"allow":["GET"]}}],"collection":[{"href":"https:\/\/intergentes.com\/fr\/wp-json\/wp\/v2\/pages"}],"about":[{"href":"https:\/\/intergentes.com\/fr\/wp-json\/wp\/v2\/types\/page"}],"author":[{"embeddable":true,"href":"https:\/\/intergentes.com\/fr\/wp-json\/wp\/v2\/users\/1"}],"replies":[{"embeddable":true,"href":"https:\/\/intergentes.com\/fr\/wp-json\/wp\/v2\/comments?post=595"}],"version-history":[{"count":0,"href":"https:\/\/intergentes.com\/fr\/wp-json\/wp\/v2\/pages\/595\/revisions"}],"wp:attachment":[{"href":"https:\/\/intergentes.com\/fr\/wp-json\/wp\/v2\/media?parent=595"}],"curies":[{"name":"wp","href":"https:\/\/api.w.org\/{rel}","templated":true}]}}